{"id":22356,"date":"2025-09-03T14:01:28","date_gmt":"2025-09-03T14:01:28","guid":{"rendered":"https:\/\/livello-final.vocto.de\/?page_id=22356"},"modified":"2025-10-01T15:49:38","modified_gmt":"2025-10-01T13:49:38","slug":"impressum","status":"publish","type":"page","link":"https:\/\/livello.com\/en\/impressum\/","title":{"rendered":"Imprint"},"content":{"rendered":"<div data-elementor-type=\"wp-page\" data-elementor-id=\"22356\" class=\"elementor elementor-22356\" data-elementor-post-type=\"page\">\n\t\t\t\t<div class=\"elementor-element elementor-element-8f648ae e-flex e-con-boxed e-con e-parent\" data-id=\"8f648ae\" data-element_type=\"container\" data-e-type=\"container\" data-settings=\"{&quot;background_background&quot;:&quot;classic&quot;}\">\n\t\t\t\t\t<div class=\"e-con-inner\">\n\t\t<div class=\"elementor-element elementor-element-1752623 e-con-full e-flex e-con e-child\" data-id=\"1752623\" data-element_type=\"container\" data-e-type=\"container\">\n\t\t<div class=\"elementor-element elementor-element-beac964 e-con-full e-flex e-con e-child\" data-id=\"beac964\" data-element_type=\"container\" data-e-type=\"container\">\n\t\t\t\t<div class=\"elementor-element elementor-element-d3ad24d elementor-widget elementor-widget-text-editor\" data-id=\"d3ad24d\" data-element_type=\"widget\" data-e-type=\"widget\" data-settings=\"{&quot;ekit_we_effect_on&quot;:&quot;none&quot;}\" data-widget_type=\"text-editor.default\">\n\t\t\t\t<div class=\"elementor-widget-container\">\n\t\t\t\t\t\t\t\t\t<div id=\"bgLayers_comp-ll2wbtw6\" class=\"MW5IWV\" data-hook=\"bgLayers\" data-motion-part=\"BG_LAYER comp-ll2wbtw6\"><h4 class=\"font_8 wixui-rich-text__text\"><span class=\"wixui-rich-text__text\">Imprint<\/span><\/h4><div id=\"bgMedia_comp-ll2wbtw6\" class=\"VgO9Yg\" data-motion-part=\"BG_MEDIA comp-ll2wbtw6\">Herausgeber: Livello GmbH<\/div><\/div><div class=\"\" data-mesh-id=\"comp-ll2wbtw6inlineContent\" data-testid=\"inline-content\"><div data-mesh-id=\"comp-ll2wbtw6inlineContent-gridContainer\" data-testid=\"mesh-container-content\"><div id=\"comp-ipttobkt\" class=\"Z_l5lU ku3DBC zQ9jDz qvSjx3 Vq6kJx comp-ipttobkt wixui-rich-text\" data-testid=\"richTextElement\"><p class=\"font_8 wixui-rich-text__text\">Gesch\u00e4ftsf\u00fchrer: Alexander Eissing<br class=\"wixui-rich-text__text\" \/>Elisabethstr. 73<\/p><p class=\"font_8 wixui-rich-text__text\">40217 D\u00fcsseldorf<\/p><p class=\"font_8 wixui-rich-text__text\"><span class=\"wixGuard wixui-rich-text__text\">\u200b<\/span>Sitz der Gesellschaft:<br class=\"wixui-rich-text__text\" \/>D\u00fcsseldorf\u00a0&#8211; HRB 87412\u00a0<br class=\"wixui-rich-text__text\" \/>Ust.-ID: DE307471396<\/p><p class=\"font_8 wixui-rich-text__text\">Fragen und Anregungen bitte an:<\/p><p class=\"font_8 wixui-rich-text__text\">hello(at)livello.com<\/p><p class=\"font_8 wixui-rich-text__text\"><span id=\"container\" data-sipgate-click2dial-extension-text=\"0211\/63556321\"><span id=\"text\">0211\/63556321<\/span><\/span><\/p><p class=\"font_8 wixui-rich-text__text\"><span class=\"wixGuard wixui-rich-text__text\">\u200b<\/span>\u200bHaftungsausschluss<\/p><p class=\"font_8 wixui-rich-text__text\">Alle Rechte vorbehalten. Die Informationen sind Eigentum der Livello GmbH und Livello Food GmbH. Sie stellen die zum Zeitpunkt der Publikation jeweils neusten Informationen dar. Eine Haftung oder Garantie f\u00fcr die Aktualit\u00e4t, Richtigkeit und Vollst\u00e4ndigkeit der zur Verf\u00fcgung gestellten Informationen und Daten ist ausgeschlossen. Die Informationen auf den Webseiten stellen in keinem Fall rechtliche Zusicherungen dar. Die Livello GmbH und Livello Food GmbH beh\u00e4lt sich das Recht vor, bei Bedarf \u00c4nderungen oder Erg\u00e4nzungen der bereitgestellten Informationen oder Daten durchzuf\u00fchren. Aus den hier beschriebenen Themenbereichen k\u00f6nnen keine Rechtsanspr\u00fcche abgeleitet werden. Angebote sind in allen Teilen unverbindlich. Die Livello GmbH haftet weder f\u00fcr direkte noch indirekte Sch\u00e4den, die durch die Nutzung der Informationen oder Daten entstehen, die auf dieser Website zu finden sind. Rechte und Pflichten zwischen der Livello GmbH und dem Nutzer der Website oder Dritten bestehen nicht. Die Inhalte der Livello GmbH sind urheberrechtlich gesch\u00fctzt. Die Inhalte d\u00fcrfen weder ganz noch teilweise ohne vorherige schriftliche Genehmigung des Urhebers vervielf\u00e4ltigt und\/oder ver\u00f6ffentlicht oder in einem Informationssystem gespeichert werden. Personenbezogene Bezeichnungen sind wegen der besseren Lesbarkeit und Verst\u00e4ndlichkeit nur in m\u00e4nnlicher Form aufgef\u00fchrt; sie beziehen sich auf beide Geschlechter in gleicher Weise. S\u00e4mtliche Informationen oder Daten, ihre Nutzung sowie s\u00e4mtliches mit der Website der Livello GmbH zusammenh\u00e4ngendes Tun, Dulden oder Unterlassen unterliegen ausschlie\u00dflich deutschem Recht, unter Ausschluss von internationalem Recht. Erf\u00fcllungsort und ausschlie\u00dflicher Gerichtsstand ist D\u00fcsseldorf.<\/p><\/div><\/div><\/div>\t\t\t\t\t\t\t\t<\/div>\n\t\t\t\t<\/div>\n\t\t\t\t<\/div>\n\t\t\t\t<\/div>\n\t\t\t\t\t<\/div>\n\t\t\t\t<\/div>\n\t\t\t\t<\/div>","protected":false},"excerpt":{"rendered":"<p>Impressum Herausgeber: Livello GmbH Gesch\u00e4ftsf\u00fchrer: Alexander EissingElisabethstr. 73 40217 D\u00fcsseldorf \u200bSitz der Gesellschaft:D\u00fcsseldorf\u00a0&#8211; HRB 87412\u00a0Ust.-ID: DE307471396 Fragen und Anregungen bitte an: hello(at)livello.com 0211\/63556321 \u200b\u200bHaftungsausschluss Alle Rechte vorbehalten. Die Informationen sind Eigentum der Livello GmbH und Livello Food GmbH. Sie stellen die zum Zeitpunkt der Publikation jeweils neusten Informationen dar. Eine Haftung oder Garantie f\u00fcr die [&hellip;]<\/p>\n","protected":false},"author":1,"featured_media":0,"parent":0,"menu_order":0,"comment_status":"closed","ping_status":"closed","template":"","meta":{"footnotes":""},"class_list":["post-22356","page","type-page","status-publish","hentry"],"yoast_head":"<!-- This site is optimized with the Yoast SEO Premium plugin v26.9 (Yoast SEO v27.1.1) - https:\/\/yoast.com\/product\/yoast-seo-premium-wordpress\/ -->\n<title>Impressum - Livello<\/title>\n<meta name=\"robots\" content=\"index, follow, max-snippet:-1, max-image-preview:large, max-video-preview:-1\" \/>\n<link rel=\"canonical\" href=\"https:\/\/livello.com\/en\/impressum\/\" \/>\n<meta property=\"og:locale\" content=\"en_US\" \/>\n<meta property=\"og:type\" content=\"article\" \/>\n<meta property=\"og:title\" content=\"Impressum\" \/>\n<meta property=\"og:description\" content=\"Impressum Herausgeber: Livello GmbH Gesch\u00e4ftsf\u00fchrer: Alexander EissingElisabethstr. 73 40217 D\u00fcsseldorf \u200bSitz der Gesellschaft:D\u00fcsseldorf\u00a0&#8211; HRB 87412\u00a0Ust.-ID: DE307471396 Fragen und Anregungen bitte an: hello(at)livello.com 0211\/63556321 \u200b\u200bHaftungsausschluss Alle Rechte vorbehalten. Die Informationen sind Eigentum der Livello GmbH und Livello Food GmbH. Sie stellen die zum Zeitpunkt der Publikation jeweils neusten Informationen dar. Eine Haftung oder Garantie f\u00fcr die [&hellip;]\" \/>\n<meta property=\"og:url\" content=\"https:\/\/livello.com\/en\/impressum\/\" \/>\n<meta property=\"og:site_name\" content=\"Livello\" \/>\n<meta property=\"article:modified_time\" content=\"2025-10-01T13:49:38+00:00\" \/>\n<meta name=\"twitter:card\" content=\"summary_large_image\" \/>\n<meta name=\"twitter:site\" content=\"@livellogmbh\" \/>\n<meta name=\"twitter:label1\" content=\"Est. reading time\" \/>\n\t<meta name=\"twitter:data1\" content=\"2 minutes\" \/>\n<script type=\"application\/ld+json\" class=\"yoast-schema-graph\">{\"@context\":\"https:\/\/schema.org\",\"@graph\":[{\"@type\":\"WebPage\",\"@id\":\"https:\/\/livello.com\/en\/impressum\/\",\"url\":\"https:\/\/livello.com\/en\/impressum\/\",\"name\":\"Impressum - Livello\",\"isPartOf\":{\"@id\":\"https:\/\/livello.com\/en\/#website\"},\"datePublished\":\"2025-09-03T14:01:28+00:00\",\"dateModified\":\"2025-10-01T13:49:38+00:00\",\"breadcrumb\":{\"@id\":\"https:\/\/livello.com\/en\/impressum\/#breadcrumb\"},\"inLanguage\":\"en-US\",\"potentialAction\":[{\"@type\":\"ReadAction\",\"target\":[\"https:\/\/livello.com\/en\/impressum\/\"]}]},{\"@type\":\"BreadcrumbList\",\"@id\":\"https:\/\/livello.com\/en\/impressum\/#breadcrumb\",\"itemListElement\":[{\"@type\":\"ListItem\",\"position\":1,\"name\":\"Startseite\",\"item\":\"https:\/\/livello.com\/\"},{\"@type\":\"ListItem\",\"position\":2,\"name\":\"Impressum\"}]},{\"@type\":\"WebSite\",\"@id\":\"https:\/\/livello.com\/en\/#website\",\"url\":\"https:\/\/livello.com\/en\/\",\"name\":\"Livello\",\"description\":\"Livello Smart Fridge\",\"publisher\":{\"@id\":\"https:\/\/livello.com\/en\/#organization\"},\"potentialAction\":[{\"@type\":\"SearchAction\",\"target\":{\"@type\":\"EntryPoint\",\"urlTemplate\":\"https:\/\/livello.com\/en\/?s={search_term_string}\"},\"query-input\":{\"@type\":\"PropertyValueSpecification\",\"valueRequired\":true,\"valueName\":\"search_term_string\"}}],\"inLanguage\":\"en-US\"},{\"@type\":\"Organization\",\"@id\":\"https:\/\/livello.com\/en\/#organization\",\"name\":\"Livello GmbH\",\"url\":\"https:\/\/livello.com\/en\/\",\"logo\":{\"@type\":\"ImageObject\",\"inLanguage\":\"en-US\",\"@id\":\"https:\/\/livello.com\/en\/#\/schema\/logo\/image\/\",\"url\":\"https:\/\/livello.com\/wp-content\/uploads\/2023\/09\/Black-Logo-5-scaled.png\",\"contentUrl\":\"https:\/\/livello.com\/wp-content\/uploads\/2023\/09\/Black-Logo-5-scaled.png\",\"width\":2560,\"height\":1151,\"caption\":\"Livello GmbH\"},\"image\":{\"@id\":\"https:\/\/livello.com\/en\/#\/schema\/logo\/image\/\"},\"sameAs\":[\"https:\/\/x.com\/livellogmbh\",\"https:\/\/www.linkedin.com\/company\/livello-technologies\/\",\"https:\/\/www.tiktok.com\/@livello_gmbh\",\"https:\/\/www.instagram.com\/livello.tech\/\"]}]}<\/script>\n<!-- \/ Yoast SEO Premium plugin. -->","yoast_head_json":{"title":"Impressum - Livello","robots":{"index":"index","follow":"follow","max-snippet":"max-snippet:-1","max-image-preview":"max-image-preview:large","max-video-preview":"max-video-preview:-1"},"canonical":"https:\/\/livello.com\/en\/impressum\/","og_locale":"en_US","og_type":"article","og_title":"Impressum","og_description":"Impressum Herausgeber: Livello GmbH Gesch\u00e4ftsf\u00fchrer: Alexander EissingElisabethstr. 73 40217 D\u00fcsseldorf \u200bSitz der Gesellschaft:D\u00fcsseldorf\u00a0&#8211; HRB 87412\u00a0Ust.-ID: DE307471396 Fragen und Anregungen bitte an: hello(at)livello.com 0211\/63556321 \u200b\u200bHaftungsausschluss Alle Rechte vorbehalten. Die Informationen sind Eigentum der Livello GmbH und Livello Food GmbH. Sie stellen die zum Zeitpunkt der Publikation jeweils neusten Informationen dar. Eine Haftung oder Garantie f\u00fcr die [&hellip;]","og_url":"https:\/\/livello.com\/en\/impressum\/","og_site_name":"Livello","article_modified_time":"2025-10-01T13:49:38+00:00","twitter_card":"summary_large_image","twitter_site":"@livellogmbh","twitter_misc":{"Est. reading time":"2 minutes"},"schema":{"@context":"https:\/\/schema.org","@graph":[{"@type":"WebPage","@id":"https:\/\/livello.com\/en\/impressum\/","url":"https:\/\/livello.com\/en\/impressum\/","name":"Impressum - Livello","isPartOf":{"@id":"https:\/\/livello.com\/en\/#website"},"datePublished":"2025-09-03T14:01:28+00:00","dateModified":"2025-10-01T13:49:38+00:00","breadcrumb":{"@id":"https:\/\/livello.com\/en\/impressum\/#breadcrumb"},"inLanguage":"en-US","potentialAction":[{"@type":"ReadAction","target":["https:\/\/livello.com\/en\/impressum\/"]}]},{"@type":"BreadcrumbList","@id":"https:\/\/livello.com\/en\/impressum\/#breadcrumb","itemListElement":[{"@type":"ListItem","position":1,"name":"Startseite","item":"https:\/\/livello.com\/"},{"@type":"ListItem","position":2,"name":"Impressum"}]},{"@type":"WebSite","@id":"https:\/\/livello.com\/en\/#website","url":"https:\/\/livello.com\/en\/","name":"Livello","description":"Livello Smart Fridge","publisher":{"@id":"https:\/\/livello.com\/en\/#organization"},"potentialAction":[{"@type":"SearchAction","target":{"@type":"EntryPoint","urlTemplate":"https:\/\/livello.com\/en\/?s={search_term_string}"},"query-input":{"@type":"PropertyValueSpecification","valueRequired":true,"valueName":"search_term_string"}}],"inLanguage":"en-US"},{"@type":"Organization","@id":"https:\/\/livello.com\/en\/#organization","name":"Livello GmbH","url":"https:\/\/livello.com\/en\/","logo":{"@type":"ImageObject","inLanguage":"en-US","@id":"https:\/\/livello.com\/en\/#\/schema\/logo\/image\/","url":"https:\/\/livello.com\/wp-content\/uploads\/2023\/09\/Black-Logo-5-scaled.png","contentUrl":"https:\/\/livello.com\/wp-content\/uploads\/2023\/09\/Black-Logo-5-scaled.png","width":2560,"height":1151,"caption":"Livello GmbH"},"image":{"@id":"https:\/\/livello.com\/en\/#\/schema\/logo\/image\/"},"sameAs":["https:\/\/x.com\/livellogmbh","https:\/\/www.linkedin.com\/company\/livello-technologies\/","https:\/\/www.tiktok.com\/@livello_gmbh","https:\/\/www.instagram.com\/livello.tech\/"]}]}},"jetpack_sharing_enabled":true,"_links":{"self":[{"href":"https:\/\/livello.com\/en\/wp-json\/wp\/v2\/pages\/22356","targetHints":{"allow":["GET"]}}],"collection":[{"href":"https:\/\/livello.com\/en\/wp-json\/wp\/v2\/pages"}],"about":[{"href":"https:\/\/livello.com\/en\/wp-json\/wp\/v2\/types\/page"}],"author":[{"embeddable":true,"href":"https:\/\/livello.com\/en\/wp-json\/wp\/v2\/users\/1"}],"replies":[{"embeddable":true,"href":"https:\/\/livello.com\/en\/wp-json\/wp\/v2\/comments?post=22356"}],"version-history":[{"count":7,"href":"https:\/\/livello.com\/en\/wp-json\/wp\/v2\/pages\/22356\/revisions"}],"predecessor-version":[{"id":24051,"href":"https:\/\/livello.com\/en\/wp-json\/wp\/v2\/pages\/22356\/revisions\/24051"}],"wp:attachment":[{"href":"https:\/\/livello.com\/en\/wp-json\/wp\/v2\/media?parent=22356"}],"curies":[{"name":"wp","href":"https:\/\/api.w.org\/{rel}","templated":true}]}}