{"id":22751,"date":"2025-09-05T14:28:39","date_gmt":"2025-09-05T12:28:39","guid":{"rendered":"https:\/\/livello-final.vocto.de\/?page_id=22751"},"modified":"2025-09-11T11:12:48","modified_gmt":"2025-09-11T09:12:48","slug":"universitaeten","status":"publish","type":"page","link":"https:\/\/livello.com\/en\/universitaeten\/","title":{"rendered":"Education"},"content":{"rendered":"","protected":false},"excerpt":{"rendered":"","protected":false},"author":1,"featured_media":23089,"parent":0,"menu_order":0,"comment_status":"closed","ping_status":"closed","template":"","meta":{"footnotes":""},"class_list":["post-22751","page","type-page","status-publish","has-post-thumbnail","hentry"],"yoast_head":"<!-- This site is optimized with the Yoast SEO Premium plugin v26.9 (Yoast SEO v27.1.1) - https:\/\/yoast.com\/product\/yoast-seo-premium-wordpress\/ -->\n<title>Smart-Kiosk Universit\u00e4ten: Smarte Verpflegung auf dem Campus<\/title>\n<meta name=\"description\" content=\"Smart-Kiosk Universit\u00e4ten: Snacks, Getr\u00e4nke &amp; Mahlzeiten 24\/7. Optimieren Sie die Campusverpflegung \u2013 flexibel &amp; bargeldlos.\" \/>\n<meta name=\"robots\" content=\"index, follow, max-snippet:-1, max-image-preview:large, max-video-preview:-1\" \/>\n<link rel=\"canonical\" href=\"https:\/\/livello.com\/en\/universitaeten\/\" \/>\n<meta property=\"og:locale\" content=\"en_US\" \/>\n<meta property=\"og:type\" content=\"article\" \/>\n<meta property=\"og:title\" content=\"Universit\u00e4ten\" \/>\n<meta property=\"og:description\" content=\"Smart-Kiosk Universit\u00e4ten: Snacks, Getr\u00e4nke &amp; Mahlzeiten 24\/7. Optimieren Sie die Campusverpflegung \u2013 flexibel &amp; bargeldlos.\" \/>\n<meta property=\"og:url\" content=\"https:\/\/livello.com\/en\/universitaeten\/\" \/>\n<meta property=\"og:site_name\" content=\"Livello\" \/>\n<meta property=\"article:modified_time\" content=\"2025-09-11T09:12:48+00:00\" \/>\n<meta property=\"og:image\" content=\"https:\/\/livello.com\/wp-content\/uploads\/2025\/09\/Generated-Image-September-02-2025-10_56AM-1-1.jpeg\" \/>\n\t<meta property=\"og:image:width\" content=\"1344\" \/>\n\t<meta property=\"og:image:height\" content=\"768\" \/>\n\t<meta property=\"og:image:type\" content=\"image\/jpeg\" \/>\n<meta name=\"twitter:card\" content=\"summary_large_image\" \/>\n<meta name=\"twitter:site\" content=\"@livellogmbh\" \/>\n<meta name=\"twitter:label1\" content=\"Est. reading time\" \/>\n\t<meta name=\"twitter:data1\" content=\"1 minute\" \/>\n<script type=\"application\/ld+json\" class=\"yoast-schema-graph\">{\"@context\":\"https:\/\/schema.org\",\"@graph\":[{\"@type\":\"WebPage\",\"@id\":\"https:\/\/livello.com\/en\/universitaeten\/\",\"url\":\"https:\/\/livello.com\/en\/universitaeten\/\",\"name\":\"Smart-Kiosk Universit\u00e4ten: Smarte Verpflegung auf dem Campus\",\"isPartOf\":{\"@id\":\"https:\/\/livello.com\/en\/#website\"},\"primaryImageOfPage\":{\"@id\":\"https:\/\/livello.com\/en\/universitaeten\/#primaryimage\"},\"image\":{\"@id\":\"https:\/\/livello.com\/en\/universitaeten\/#primaryimage\"},\"thumbnailUrl\":\"https:\/\/livello.com\/wp-content\/uploads\/2025\/09\/Generated-Image-September-02-2025-10_56AM-1-1.jpeg\",\"datePublished\":\"2025-09-05T12:28:39+00:00\",\"dateModified\":\"2025-09-11T09:12:48+00:00\",\"description\":\"Smart-Kiosk Universit\u00e4ten: Snacks, Getr\u00e4nke & Mahlzeiten 24\/7. Optimieren Sie die Campusverpflegung \u2013 flexibel & bargeldlos.\",\"breadcrumb\":{\"@id\":\"https:\/\/livello.com\/en\/universitaeten\/#breadcrumb\"},\"inLanguage\":\"en-US\",\"potentialAction\":[{\"@type\":\"ReadAction\",\"target\":[\"https:\/\/livello.com\/en\/universitaeten\/\"]}]},{\"@type\":\"ImageObject\",\"inLanguage\":\"en-US\",\"@id\":\"https:\/\/livello.com\/en\/universitaeten\/#primaryimage\",\"url\":\"https:\/\/livello.com\/wp-content\/uploads\/2025\/09\/Generated-Image-September-02-2025-10_56AM-1-1.jpeg\",\"contentUrl\":\"https:\/\/livello.com\/wp-content\/uploads\/2025\/09\/Generated-Image-September-02-2025-10_56AM-1-1.jpeg\",\"width\":1344,\"height\":768},{\"@type\":\"BreadcrumbList\",\"@id\":\"https:\/\/livello.com\/en\/universitaeten\/#breadcrumb\",\"itemListElement\":[{\"@type\":\"ListItem\",\"position\":1,\"name\":\"Startseite\",\"item\":\"https:\/\/livello.com\/\"},{\"@type\":\"ListItem\",\"position\":2,\"name\":\"Universit\u00e4ten\"}]},{\"@type\":\"WebSite\",\"@id\":\"https:\/\/livello.com\/en\/#website\",\"url\":\"https:\/\/livello.com\/en\/\",\"name\":\"Livello\",\"description\":\"Livello Smart Fridge\",\"publisher\":{\"@id\":\"https:\/\/livello.com\/en\/#organization\"},\"potentialAction\":[{\"@type\":\"SearchAction\",\"target\":{\"@type\":\"EntryPoint\",\"urlTemplate\":\"https:\/\/livello.com\/en\/?s={search_term_string}\"},\"query-input\":{\"@type\":\"PropertyValueSpecification\",\"valueRequired\":true,\"valueName\":\"search_term_string\"}}],\"inLanguage\":\"en-US\"},{\"@type\":\"Organization\",\"@id\":\"https:\/\/livello.com\/en\/#organization\",\"name\":\"Livello GmbH\",\"url\":\"https:\/\/livello.com\/en\/\",\"logo\":{\"@type\":\"ImageObject\",\"inLanguage\":\"en-US\",\"@id\":\"https:\/\/livello.com\/en\/#\/schema\/logo\/image\/\",\"url\":\"https:\/\/livello.com\/wp-content\/uploads\/2023\/09\/Black-Logo-5-scaled.png\",\"contentUrl\":\"https:\/\/livello.com\/wp-content\/uploads\/2023\/09\/Black-Logo-5-scaled.png\",\"width\":2560,\"height\":1151,\"caption\":\"Livello GmbH\"},\"image\":{\"@id\":\"https:\/\/livello.com\/en\/#\/schema\/logo\/image\/\"},\"sameAs\":[\"https:\/\/x.com\/livellogmbh\",\"https:\/\/www.linkedin.com\/company\/livello-technologies\/\",\"https:\/\/www.tiktok.com\/@livello_gmbh\",\"https:\/\/www.instagram.com\/livello.tech\/\"]}]}<\/script>\n<!-- \/ Yoast SEO Premium plugin. -->","yoast_head_json":{"title":"Smart-Kiosk Universit\u00e4ten: Smarte Verpflegung auf dem Campus","description":"Smart-Kiosk Universit\u00e4ten: Snacks, Getr\u00e4nke & Mahlzeiten 24\/7. Optimieren Sie die Campusverpflegung \u2013 flexibel & bargeldlos.","robots":{"index":"index","follow":"follow","max-snippet":"max-snippet:-1","max-image-preview":"max-image-preview:large","max-video-preview":"max-video-preview:-1"},"canonical":"https:\/\/livello.com\/en\/universitaeten\/","og_locale":"en_US","og_type":"article","og_title":"Universit\u00e4ten","og_description":"Smart-Kiosk Universit\u00e4ten: Snacks, Getr\u00e4nke & Mahlzeiten 24\/7. Optimieren Sie die Campusverpflegung \u2013 flexibel & bargeldlos.","og_url":"https:\/\/livello.com\/en\/universitaeten\/","og_site_name":"Livello","article_modified_time":"2025-09-11T09:12:48+00:00","og_image":[{"width":1344,"height":768,"url":"https:\/\/livello.com\/wp-content\/uploads\/2025\/09\/Generated-Image-September-02-2025-10_56AM-1-1.jpeg","type":"image\/jpeg"}],"twitter_card":"summary_large_image","twitter_site":"@livellogmbh","twitter_misc":{"Est. reading time":"1 minute"},"schema":{"@context":"https:\/\/schema.org","@graph":[{"@type":"WebPage","@id":"https:\/\/livello.com\/en\/universitaeten\/","url":"https:\/\/livello.com\/en\/universitaeten\/","name":"Smart-Kiosk Universit\u00e4ten: Smarte Verpflegung auf dem Campus","isPartOf":{"@id":"https:\/\/livello.com\/en\/#website"},"primaryImageOfPage":{"@id":"https:\/\/livello.com\/en\/universitaeten\/#primaryimage"},"image":{"@id":"https:\/\/livello.com\/en\/universitaeten\/#primaryimage"},"thumbnailUrl":"https:\/\/livello.com\/wp-content\/uploads\/2025\/09\/Generated-Image-September-02-2025-10_56AM-1-1.jpeg","datePublished":"2025-09-05T12:28:39+00:00","dateModified":"2025-09-11T09:12:48+00:00","description":"Smart-Kiosk Universit\u00e4ten: Snacks, Getr\u00e4nke & Mahlzeiten 24\/7. Optimieren Sie die Campusverpflegung \u2013 flexibel & bargeldlos.","breadcrumb":{"@id":"https:\/\/livello.com\/en\/universitaeten\/#breadcrumb"},"inLanguage":"en-US","potentialAction":[{"@type":"ReadAction","target":["https:\/\/livello.com\/en\/universitaeten\/"]}]},{"@type":"ImageObject","inLanguage":"en-US","@id":"https:\/\/livello.com\/en\/universitaeten\/#primaryimage","url":"https:\/\/livello.com\/wp-content\/uploads\/2025\/09\/Generated-Image-September-02-2025-10_56AM-1-1.jpeg","contentUrl":"https:\/\/livello.com\/wp-content\/uploads\/2025\/09\/Generated-Image-September-02-2025-10_56AM-1-1.jpeg","width":1344,"height":768},{"@type":"BreadcrumbList","@id":"https:\/\/livello.com\/en\/universitaeten\/#breadcrumb","itemListElement":[{"@type":"ListItem","position":1,"name":"Startseite","item":"https:\/\/livello.com\/"},{"@type":"ListItem","position":2,"name":"Universit\u00e4ten"}]},{"@type":"WebSite","@id":"https:\/\/livello.com\/en\/#website","url":"https:\/\/livello.com\/en\/","name":"Livello","description":"Livello Smart Fridge","publisher":{"@id":"https:\/\/livello.com\/en\/#organization"},"potentialAction":[{"@type":"SearchAction","target":{"@type":"EntryPoint","urlTemplate":"https:\/\/livello.com\/en\/?s={search_term_string}"},"query-input":{"@type":"PropertyValueSpecification","valueRequired":true,"valueName":"search_term_string"}}],"inLanguage":"en-US"},{"@type":"Organization","@id":"https:\/\/livello.com\/en\/#organization","name":"Livello GmbH","url":"https:\/\/livello.com\/en\/","logo":{"@type":"ImageObject","inLanguage":"en-US","@id":"https:\/\/livello.com\/en\/#\/schema\/logo\/image\/","url":"https:\/\/livello.com\/wp-content\/uploads\/2023\/09\/Black-Logo-5-scaled.png","contentUrl":"https:\/\/livello.com\/wp-content\/uploads\/2023\/09\/Black-Logo-5-scaled.png","width":2560,"height":1151,"caption":"Livello GmbH"},"image":{"@id":"https:\/\/livello.com\/en\/#\/schema\/logo\/image\/"},"sameAs":["https:\/\/x.com\/livellogmbh","https:\/\/www.linkedin.com\/company\/livello-technologies\/","https:\/\/www.tiktok.com\/@livello_gmbh","https:\/\/www.instagram.com\/livello.tech\/"]}]}},"jetpack_sharing_enabled":true,"_links":{"self":[{"href":"https:\/\/livello.com\/en\/wp-json\/wp\/v2\/pages\/22751","targetHints":{"allow":["GET"]}}],"collection":[{"href":"https:\/\/livello.com\/en\/wp-json\/wp\/v2\/pages"}],"about":[{"href":"https:\/\/livello.com\/en\/wp-json\/wp\/v2\/types\/page"}],"author":[{"embeddable":true,"href":"https:\/\/livello.com\/en\/wp-json\/wp\/v2\/users\/1"}],"replies":[{"embeddable":true,"href":"https:\/\/livello.com\/en\/wp-json\/wp\/v2\/comments?post=22751"}],"version-history":[{"count":1,"href":"https:\/\/livello.com\/en\/wp-json\/wp\/v2\/pages\/22751\/revisions"}],"predecessor-version":[{"id":22753,"href":"https:\/\/livello.com\/en\/wp-json\/wp\/v2\/pages\/22751\/revisions\/22753"}],"wp:featuredmedia":[{"embeddable":true,"href":"https:\/\/livello.com\/en\/wp-json\/wp\/v2\/media\/23089"}],"wp:attachment":[{"href":"https:\/\/livello.com\/en\/wp-json\/wp\/v2\/media?parent=22751"}],"curies":[{"name":"wp","href":"https:\/\/api.w.org\/{rel}","templated":true}]}}