{"id":23092,"date":"2025-09-11T11:13:50","date_gmt":"2025-09-11T09:13:50","guid":{"rendered":"https:\/\/livello-final.vocto.de\/?page_id=23092"},"modified":"2026-04-16T12:59:31","modified_gmt":"2026-04-16T10:59:31","slug":"messetermine","status":"publish","type":"page","link":"https:\/\/livello.com\/en\/messetermine\/","title":{"rendered":"Messetermine"},"content":{"rendered":"\t\t<div data-elementor-type=\"wp-page\" data-elementor-id=\"23092\" class=\"elementor elementor-23092\" data-elementor-post-type=\"page\">\n\t\t\t\t<div class=\"elementor-element elementor-element-2a8652d e-flex e-con-boxed e-con e-parent\" data-id=\"2a8652d\" data-element_type=\"container\" data-e-type=\"container\" data-settings=\"{&quot;background_background&quot;:&quot;gradient&quot;,&quot;shape_divider_bottom&quot;:&quot;tilt&quot;}\">\n\t\t\t\t\t<div class=\"e-con-inner\">\n\t\t\t\t<div class=\"elementor-shape elementor-shape-bottom\" aria-hidden=\"true\" data-negative=\"false\">\n\t\t\t<svg xmlns=\"http:\/\/www.w3.org\/2000\/svg\" viewBox=\"0 0 1000 100\" preserveAspectRatio=\"none\">\n\t<path class=\"elementor-shape-fill\" d=\"M0,6V0h1000v100L0,6z\"\/>\n<\/svg>\t\t<\/div>\n\t\t<div class=\"elementor-element elementor-element-c8c290c e-con-full e-flex e-con e-child\" data-id=\"c8c290c\" data-element_type=\"container\" data-e-type=\"container\">\n\t\t\t\t<div class=\"elementor-element elementor-element-823344c animated-fast elementor-invisible elementor-widget elementor-widget-elementskit-heading\" data-id=\"823344c\" data-element_type=\"widget\" data-e-type=\"widget\" data-settings=\"{&quot;ekit_we_effect_on&quot;:&quot;css&quot;,&quot;_animation&quot;:&quot;fadeIn&quot;}\" data-widget_type=\"elementskit-heading.default\">\n\t\t\t\t<div class=\"elementor-widget-container\">\n\t\t\t\t\t<div class=\"ekit-wid-con\" ><div class=\"ekit-heading elementskit-section-title-wraper text_center   ekit_heading_tablet-   ekit_heading_mobile-\"><h6 class=\"elementskit-section-subtitle   ekit-heading__subtitle-has-border\">\n\t\t\t\t\t\tEntdecken Sie Livello live auf Deutschlands f\u00fchrenden Branchenmessen. \n\t\t\t\t\t<\/h6><h1 class=\"ekit-heading--title elementskit-section-title \">Livello auf <span>Branchenmessen 2026<\/span> \u2013 Smart Kiosks live entdecken<\/h1>\t\t\t\t<div class='ekit-heading__description'>\n\t\t\t\t\t<p class=\"font-claude-response-body break-words whitespace-normal leading-[1.7]\">Auf den Messen pr\u00e4sentieren wir unsere Smart Kiosks und Catering-Automaten f\u00fcr <a href=\"https:\/\/livello.com\/einsatzgebiete\/\">Unternehmen, Hotels, Fitnessstudios, Kliniken und Hochschulen<\/a> \u2013 und wie sie der Betriebsverpflegung neue Effizienz bringen.<\/p>\n<p class=\"font-claude-response-body break-words whitespace-normal leading-[1.7]\">Sehen Sie unsere L\u00f6sungen in Aktion, erleben Sie die <a href=\"https:\/\/livello.com\/post\/livellos-mission-control-behalten-sie-ihre-micro-markets-im-blick\/\">Mission Control<\/a> Software, diskutieren Sie mit unserem Team \u00fcber Ihre Anforderungen. Buchen Sie vorab einen pers\u00f6nlichen Beratungstermin an unserem Messestand \u2013 damit wir optimal auf Ihre Fragen vorbereitet sind.<\/p>\n\t\t\t\t<\/div>\n\t\t\t<\/div><\/div>\t\t\t\t<\/div>\n\t\t\t\t<\/div>\n\t\t\t\t<\/div>\n\t\t\t\t\t<\/div>\n\t\t\t\t<\/div>\n\t\t<div class=\"elementor-element elementor-element-499e5c8 e-grid e-con-boxed e-con e-parent\" data-id=\"499e5c8\" data-element_type=\"container\" data-e-type=\"container\" data-settings=\"{&quot;background_background&quot;:&quot;classic&quot;}\">\n\t\t\t\t\t<div class=\"e-con-inner\">\n\t\t<div class=\"elementor-element elementor-element-375562f e-con-full e-flex e-con e-child\" data-id=\"375562f\" data-element_type=\"container\" data-e-type=\"container\" data-settings=\"{&quot;background_background&quot;:&quot;classic&quot;}\">\n\t\t\t\t<div class=\"elementor-element elementor-element-e634692 elementor-widget elementor-widget-image\" data-id=\"e634692\" data-element_type=\"widget\" data-e-type=\"widget\" data-settings=\"{&quot;ekit_we_effect_on&quot;:&quot;none&quot;}\" data-widget_type=\"image.default\">\n\t\t\t\t<div class=\"elementor-widget-container\">\n\t\t\t\t\t\t\t\t\t\t\t\t\t\t\t<img decoding=\"async\" src=\"https:\/\/livello.com\/wp-content\/uploads\/elementor\/thumbs\/3-1-rjrm0e2yf4n8r6u5fhgk5korkqa5b4swy0yyk2smmg.png\" title=\"3\" alt=\"3\" loading=\"lazy\" \/>\t\t\t\t\t\t\t\t\t\t\t\t\t\t\t<\/div>\n\t\t\t\t<\/div>\n\t\t\t\t<div class=\"elementor-element elementor-element-c5cb666 elementor-widget__width-initial animated-fast elementor-invisible elementor-widget elementor-widget-elementskit-heading\" data-id=\"c5cb666\" data-element_type=\"widget\" data-e-type=\"widget\" data-settings=\"{&quot;_animation&quot;:&quot;fadeIn&quot;,&quot;_animation_delay&quot;:100,&quot;ekit_we_effect_on&quot;:&quot;none&quot;}\" data-widget_type=\"elementskit-heading.default\">\n\t\t\t\t<div class=\"elementor-widget-container\">\n\t\t\t\t\t<div class=\"ekit-wid-con\" ><div class=\"ekit-heading elementskit-section-title-wraper text_left   ekit_heading_tablet-   ekit_heading_mobile-\"><h6 class=\"elementskit-section-subtitle   ekit-heading__subtitle-has-border\">\n\t\t\t\t\t\t30.08.\u201331.08.2026\n\t\t\t\t\t<\/h6><h2 class=\"ekit-heading--title elementskit-section-title text_fill\"><span><span>CHEFS CULINAR<\/span><\/span> in Leipzig<\/h2>\t\t\t\t<div class='ekit-heading__description'>\n\t\t\t\t\t<p>Erleben Sie die Zukunft der smarten Gastronomie mit Livello auf der <a href=\"https:\/\/www.chefsculinar.de\/messen-3113.htm\">CHEFS CULINAR<\/a> 2026 in Leipzig<\/p>\n\t\t\t\t<\/div>\n\t\t\t<\/div><\/div>\t\t\t\t<\/div>\n\t\t\t\t<\/div>\n\t\t\t\t<div class=\"elementor-element elementor-element-a22c3ba elementor-align-center elementor-widget elementor-widget-button\" data-id=\"a22c3ba\" data-element_type=\"widget\" data-e-type=\"widget\" data-settings=\"{&quot;ekit_we_effect_on&quot;:&quot;none&quot;}\" data-widget_type=\"button.default\">\n\t\t\t\t<div class=\"elementor-widget-container\">\n\t\t\t\t\t\t\t\t\t<div class=\"elementor-button-wrapper\">\n\t\t\t\t\t<a class=\"elementor-button elementor-button-link elementor-size-sm\" href=\"mailto:sales@livello.com?subject=Terminanfrage%20INTERNORGA-Messe%20\u2013%20%5BName%20des%20Kunden\/Firma%5D&#038;body=Sehr%20geehrte%20Damen%20und%20Herren,%0A%20ich%20werde%20die%20(hier%20Messe%20eintragen)%202026%20am%20%5BDatum%5D%20besuchen%20und%20habe%20gro\u00dfes%20Interesse%20an%20einem%20Austausch%20zu%20Ihren%20L\u00f6sungen%20im%20Bereich%20%5BThema\/Produkt%5D.%0A%20H\u00e4tten%20Sie%20an%20diesem%20Tag%20ein%20Zeitfenster%20f\u00fcr%20ein%20kurzes%20Beratungsgespr\u00e4ch%20an%20Ihrem%20Stand%20frei?%20\u00dcber%20einen%20Terminvorschlag%20Ihrerseits%20freue%20ich%20mich%20sehr.%0A%20Mit%20freundlichen%20Gr\u00fc\u00dfen,%20%5BIhr%20Name,%20Telefonnummer%20und%20Mail-Adresse%5D%20\">\n\t\t\t\t\t\t<span class=\"elementor-button-content-wrapper\">\n\t\t\t\t\t\t<span class=\"elementor-button-icon\">\n\t\t\t\t<i aria-hidden=\"true\" class=\"icon icon-mail\"><\/i>\t\t\t<\/span>\n\t\t\t\t\t\t\t\t\t<span class=\"elementor-button-text\">Termin buchen<\/span>\n\t\t\t\t\t<\/span>\n\t\t\t\t\t<\/a>\n\t\t\t\t<\/div>\n\t\t\t\t\t\t\t\t<\/div>\n\t\t\t\t<\/div>\n\t\t\t\t<\/div>\n\t\t<div class=\"elementor-element elementor-element-8667fb8 e-con-full e-flex e-con e-child\" data-id=\"8667fb8\" data-element_type=\"container\" data-e-type=\"container\" data-settings=\"{&quot;background_background&quot;:&quot;classic&quot;}\">\n\t\t\t\t<div class=\"elementor-element elementor-element-596db50 elementor-widget elementor-widget-image\" data-id=\"596db50\" data-element_type=\"widget\" data-e-type=\"widget\" data-settings=\"{&quot;ekit_we_effect_on&quot;:&quot;none&quot;}\" data-widget_type=\"image.default\">\n\t\t\t\t<div class=\"elementor-widget-container\">\n\t\t\t\t\t\t\t\t\t\t\t\t\t\t\t<img decoding=\"async\" src=\"https:\/\/livello.com\/wp-content\/uploads\/elementor\/thumbs\/4-1-rjrm0fymsspteerf4i9tak7ori0vqj0dma9ximpua0.png\" title=\"4\" alt=\"4\" loading=\"lazy\" \/>\t\t\t\t\t\t\t\t\t\t\t\t\t\t\t<\/div>\n\t\t\t\t<\/div>\n\t\t\t\t<div class=\"elementor-element elementor-element-e8ef66e elementor-widget__width-initial animated-fast elementor-invisible elementor-widget elementor-widget-elementskit-heading\" data-id=\"e8ef66e\" data-element_type=\"widget\" data-e-type=\"widget\" data-settings=\"{&quot;_animation&quot;:&quot;fadeIn&quot;,&quot;_animation_delay&quot;:100,&quot;ekit_we_effect_on&quot;:&quot;none&quot;}\" data-widget_type=\"elementskit-heading.default\">\n\t\t\t\t<div class=\"elementor-widget-container\">\n\t\t\t\t\t<div class=\"ekit-wid-con\" ><div class=\"ekit-heading elementskit-section-title-wraper text_left   ekit_heading_tablet-   ekit_heading_mobile-\"><h6 class=\"elementskit-section-subtitle   ekit-heading__subtitle-has-border\">\n\t\t\t\t\t\t13.\u201314.09.2026\n\t\t\t\t\t<\/h6><h2 class=\"ekit-heading--title elementskit-section-title text_fill\"><span><span>CHEFS CULINAR<\/span><\/span> in NRW<\/h2>\t\t\t\t<div class='ekit-heading__description'>\n\t\t\t\t\t<p>Heimspiel f\u00fcr die Zukunft des Handels: Besuchen Sie Livello auf der <a href=\"https:\/\/www.chefsculinar.de\/messen-3113.htm\">CHEFS CULINAR<\/a> in Nordrhein Westfalen<\/p>\n\t\t\t\t<\/div>\n\t\t\t<\/div><\/div>\t\t\t\t<\/div>\n\t\t\t\t<\/div>\n\t\t\t\t<div class=\"elementor-element elementor-element-9f0ca99 elementor-align-center elementor-widget elementor-widget-button\" data-id=\"9f0ca99\" data-element_type=\"widget\" data-e-type=\"widget\" data-settings=\"{&quot;ekit_we_effect_on&quot;:&quot;none&quot;}\" data-widget_type=\"button.default\">\n\t\t\t\t<div class=\"elementor-widget-container\">\n\t\t\t\t\t\t\t\t\t<div class=\"elementor-button-wrapper\">\n\t\t\t\t\t<a class=\"elementor-button elementor-button-link elementor-size-sm\" href=\"mailto:sales@livello.com?subject=Terminanfrage%20INTERNORGA-Messe%20\u2013%20%5BName%20des%20Kunden\/Firma%5D&#038;body=Sehr%20geehrte%20Damen%20und%20Herren,%0A%20ich%20werde%20die%20(hier%20Messe%20eintragen)%202026%20am%20%5BDatum%5D%20besuchen%20und%20habe%20gro\u00dfes%20Interesse%20an%20einem%20Austausch%20zu%20Ihren%20L\u00f6sungen%20im%20Bereich%20%5BThema\/Produkt%5D.%0A%20H\u00e4tten%20Sie%20an%20diesem%20Tag%20ein%20Zeitfenster%20f\u00fcr%20ein%20kurzes%20Beratungsgespr\u00e4ch%20an%20Ihrem%20Stand%20frei?%20\u00dcber%20einen%20Terminvorschlag%20Ihrerseits%20freue%20ich%20mich%20sehr.%0A%20Mit%20freundlichen%20Gr\u00fc\u00dfen,%20%5BIhr%20Name,%20Telefonnummer%20und%20Mail-Adresse%5D%20\">\n\t\t\t\t\t\t<span class=\"elementor-button-content-wrapper\">\n\t\t\t\t\t\t<span class=\"elementor-button-icon\">\n\t\t\t\t<i aria-hidden=\"true\" class=\"icon icon-mail\"><\/i>\t\t\t<\/span>\n\t\t\t\t\t\t\t\t\t<span class=\"elementor-button-text\">Termin buchen<\/span>\n\t\t\t\t\t<\/span>\n\t\t\t\t\t<\/a>\n\t\t\t\t<\/div>\n\t\t\t\t\t\t\t\t<\/div>\n\t\t\t\t<\/div>\n\t\t\t\t<\/div>\n\t\t<div class=\"elementor-element elementor-element-c5b6dac e-con-full e-flex e-con e-child\" data-id=\"c5b6dac\" data-element_type=\"container\" data-e-type=\"container\" data-settings=\"{&quot;background_background&quot;:&quot;classic&quot;}\">\n\t\t\t\t<div class=\"elementor-element elementor-element-04264f1 elementor-widget elementor-widget-image\" data-id=\"04264f1\" data-element_type=\"widget\" data-e-type=\"widget\" data-settings=\"{&quot;ekit_we_effect_on&quot;:&quot;none&quot;}\" data-widget_type=\"image.default\">\n\t\t\t\t<div class=\"elementor-widget-container\">\n\t\t\t\t\t\t\t\t\t\t\t\t\t\t\t<img decoding=\"async\" src=\"https:\/\/livello.com\/wp-content\/uploads\/elementor\/thumbs\/6-rjrm0jpzk4uyoulyijwbkj9j51iclbfaysvvfqk9l4.png\" title=\"6\" alt=\"6\" loading=\"lazy\" \/>\t\t\t\t\t\t\t\t\t\t\t\t\t\t\t<\/div>\n\t\t\t\t<\/div>\n\t\t\t\t<div class=\"elementor-element elementor-element-d722332 elementor-widget__width-initial animated-fast elementor-invisible elementor-widget elementor-widget-elementskit-heading\" data-id=\"d722332\" data-element_type=\"widget\" data-e-type=\"widget\" data-settings=\"{&quot;_animation&quot;:&quot;fadeIn&quot;,&quot;_animation_delay&quot;:100,&quot;ekit_we_effect_on&quot;:&quot;none&quot;}\" data-widget_type=\"elementskit-heading.default\">\n\t\t\t\t<div class=\"elementor-widget-container\">\n\t\t\t\t\t<div class=\"ekit-wid-con\" ><div class=\"ekit-heading elementskit-section-title-wraper text_left   ekit_heading_tablet-   ekit_heading_mobile-\"><h6 class=\"elementskit-section-subtitle   ekit-heading__subtitle-has-border\">\n\t\t\t\t\t\t16.\u201317.09.2026\n\t\t\t\t\t<\/h6><h2 class=\"ekit-heading--title elementskit-section-title text_fill\"><span><span>VENDTRA<\/span><\/span> in M\u00fcnchen<\/h2>\t\t\t\t<div class='ekit-heading__description'>\n\t\t\t\t\t<p>Erleben Sie die Zukunft der smarten Gemeinschaftsverpflegung mit Livello auf der <a href=\"https:\/\/www.vendtra.com\/de\/vendtra\/\">VENDTRA<\/a> 2026<\/p>\n\t\t\t\t<\/div>\n\t\t\t<\/div><\/div>\t\t\t\t<\/div>\n\t\t\t\t<\/div>\n\t\t\t\t<div class=\"elementor-element elementor-element-f820e9c elementor-align-center elementor-widget elementor-widget-button\" data-id=\"f820e9c\" data-element_type=\"widget\" data-e-type=\"widget\" data-settings=\"{&quot;ekit_we_effect_on&quot;:&quot;none&quot;}\" data-widget_type=\"button.default\">\n\t\t\t\t<div class=\"elementor-widget-container\">\n\t\t\t\t\t\t\t\t\t<div class=\"elementor-button-wrapper\">\n\t\t\t\t\t<a class=\"elementor-button elementor-button-link elementor-size-sm\" href=\"mailto:sales@livello.com?subject=Terminanfrage%20INTERNORGA-Messe%20\u2013%20%5BName%20des%20Kunden\/Firma%5D&#038;body=Sehr%20geehrte%20Damen%20und%20Herren,%0A%20ich%20werde%20die%20(hier%20Messe%20eintragen)%202026%20am%20%5BDatum%5D%20besuchen%20und%20habe%20gro\u00dfes%20Interesse%20an%20einem%20Austausch%20zu%20Ihren%20L\u00f6sungen%20im%20Bereich%20%5BThema\/Produkt%5D.%0A%20H\u00e4tten%20Sie%20an%20diesem%20Tag%20ein%20Zeitfenster%20f\u00fcr%20ein%20kurzes%20Beratungsgespr\u00e4ch%20an%20Ihrem%20Stand%20frei?%20\u00dcber%20einen%20Terminvorschlag%20Ihrerseits%20freue%20ich%20mich%20sehr.%0A%20Mit%20freundlichen%20Gr\u00fc\u00dfen,%20%5BIhr%20Name,%20Telefonnummer%20und%20Mail-Adresse%5D%20\">\n\t\t\t\t\t\t<span class=\"elementor-button-content-wrapper\">\n\t\t\t\t\t\t<span class=\"elementor-button-icon\">\n\t\t\t\t<i aria-hidden=\"true\" class=\"icon icon-mail\"><\/i>\t\t\t<\/span>\n\t\t\t\t\t\t\t\t\t<span class=\"elementor-button-text\">Termin buchen<\/span>\n\t\t\t\t\t<\/span>\n\t\t\t\t\t<\/a>\n\t\t\t\t<\/div>\n\t\t\t\t\t\t\t\t<\/div>\n\t\t\t\t<\/div>\n\t\t\t\t<\/div>\n\t\t\t\t\t<\/div>\n\t\t\t\t<\/div>\n\t\t<div class=\"elementor-element elementor-element-5581097 e-flex e-con-boxed e-con e-parent\" data-id=\"5581097\" data-element_type=\"container\" data-e-type=\"container\">\n\t\t\t\t\t<div class=\"e-con-inner\">\n\t\t<div class=\"elementor-element elementor-element-949ebad e-con-full e-flex e-con e-child\" data-id=\"949ebad\" data-element_type=\"container\" data-e-type=\"container\">\n\t\t\t\t<\/div>\n\t\t\t\t\t<\/div>\n\t\t\t\t<\/div>\n\t\t\t\t<\/div>\n\t\t","protected":false},"excerpt":{"rendered":"<p>Entdecken Sie Livello live auf Deutschlands f\u00fchrenden Branchenmessen. Livello auf Branchenmessen 2026 \u2013 Smart Kiosks live entdecken Auf den Messen pr\u00e4sentieren wir unsere Smart Kiosks und Catering-Automaten f\u00fcr Unternehmen, Hotels, Fitnessstudios, Kliniken und Hochschulen \u2013 und wie sie der Betriebsverpflegung neue Effizienz bringen. Sehen Sie unsere L\u00f6sungen in Aktion, erleben Sie die Mission Control Software, [&hellip;]<\/p>\n","protected":false},"author":1,"featured_media":0,"parent":0,"menu_order":0,"comment_status":"closed","ping_status":"closed","template":"","meta":{"footnotes":""},"class_list":["post-23092","page","type-page","status-publish","hentry"],"yoast_head":"<!-- This site is optimized with the Yoast SEO Premium plugin v26.9 (Yoast SEO v27.1.1) - https:\/\/yoast.com\/product\/yoast-seo-premium-wordpress\/ -->\n<title>Messetermine - Livello<\/title>\n<meta name=\"robots\" content=\"index, follow, max-snippet:-1, max-image-preview:large, max-video-preview:-1\" \/>\n<link rel=\"canonical\" href=\"https:\/\/livello.com\/en\/messetermine\/\" \/>\n<meta property=\"og:locale\" content=\"en_US\" \/>\n<meta property=\"og:type\" content=\"article\" \/>\n<meta property=\"og:title\" content=\"Messetermine\" \/>\n<meta property=\"og:description\" content=\"Entdecken Sie Livello live auf Deutschlands f\u00fchrenden Branchenmessen. Livello auf Branchenmessen 2026 \u2013 Smart Kiosks live entdecken Auf den Messen pr\u00e4sentieren wir unsere Smart Kiosks und Catering-Automaten f\u00fcr Unternehmen, Hotels, Fitnessstudios, Kliniken und Hochschulen \u2013 und wie sie der Betriebsverpflegung neue Effizienz bringen. Sehen Sie unsere L\u00f6sungen in Aktion, erleben Sie die Mission Control Software, [&hellip;]\" \/>\n<meta property=\"og:url\" content=\"https:\/\/livello.com\/en\/messetermine\/\" \/>\n<meta property=\"og:site_name\" content=\"Livello\" \/>\n<meta property=\"article:modified_time\" content=\"2026-04-16T10:59:31+00:00\" \/>\n<meta property=\"og:image\" content=\"https:\/\/livello.com\/wp-content\/uploads\/elementor\/thumbs\/3-1-rjrm0e2yf4n8r6u5fhgk5korkqa5b4swy0yy354nb4.png\" \/>\n<meta name=\"twitter:card\" content=\"summary_large_image\" \/>\n<meta name=\"twitter:site\" content=\"@livellogmbh\" \/>\n<meta name=\"twitter:label1\" content=\"Est. reading time\" \/>\n\t<meta name=\"twitter:data1\" content=\"2 minutes\" \/>\n<script type=\"application\/ld+json\" class=\"yoast-schema-graph\">{\"@context\":\"https:\/\/schema.org\",\"@graph\":[{\"@type\":\"WebPage\",\"@id\":\"https:\/\/livello.com\/en\/messetermine\/\",\"url\":\"https:\/\/livello.com\/en\/messetermine\/\",\"name\":\"Messetermine - Livello\",\"isPartOf\":{\"@id\":\"https:\/\/livello.com\/en\/#website\"},\"primaryImageOfPage\":{\"@id\":\"https:\/\/livello.com\/en\/messetermine\/#primaryimage\"},\"image\":{\"@id\":\"https:\/\/livello.com\/en\/messetermine\/#primaryimage\"},\"thumbnailUrl\":\"https:\/\/livello.com\/wp-content\/uploads\/elementor\/thumbs\/3-1-rjrm0e2yf4n8r6u5fhgk5korkqa5b4swy0yy354nb4.png\",\"datePublished\":\"2025-09-11T09:13:50+00:00\",\"dateModified\":\"2026-04-16T10:59:31+00:00\",\"breadcrumb\":{\"@id\":\"https:\/\/livello.com\/en\/messetermine\/#breadcrumb\"},\"inLanguage\":\"en-US\",\"potentialAction\":[{\"@type\":\"ReadAction\",\"target\":[\"https:\/\/livello.com\/en\/messetermine\/\"]}]},{\"@type\":\"ImageObject\",\"inLanguage\":\"en-US\",\"@id\":\"https:\/\/livello.com\/en\/messetermine\/#primaryimage\",\"url\":\"https:\/\/livello.com\/wp-content\/uploads\/elementor\/thumbs\/3-1-rjrm0e2yf4n8r6u5fhgk5korkqa5b4swy0yy354nb4.png\",\"contentUrl\":\"https:\/\/livello.com\/wp-content\/uploads\/elementor\/thumbs\/3-1-rjrm0e2yf4n8r6u5fhgk5korkqa5b4swy0yy354nb4.png\"},{\"@type\":\"BreadcrumbList\",\"@id\":\"https:\/\/livello.com\/en\/messetermine\/#breadcrumb\",\"itemListElement\":[{\"@type\":\"ListItem\",\"position\":1,\"name\":\"Startseite\",\"item\":\"https:\/\/livello.com\/\"},{\"@type\":\"ListItem\",\"position\":2,\"name\":\"Messetermine\"}]},{\"@type\":\"WebSite\",\"@id\":\"https:\/\/livello.com\/en\/#website\",\"url\":\"https:\/\/livello.com\/en\/\",\"name\":\"Livello\",\"description\":\"Livello Smart Fridge\",\"publisher\":{\"@id\":\"https:\/\/livello.com\/en\/#organization\"},\"potentialAction\":[{\"@type\":\"SearchAction\",\"target\":{\"@type\":\"EntryPoint\",\"urlTemplate\":\"https:\/\/livello.com\/en\/?s={search_term_string}\"},\"query-input\":{\"@type\":\"PropertyValueSpecification\",\"valueRequired\":true,\"valueName\":\"search_term_string\"}}],\"inLanguage\":\"en-US\"},{\"@type\":\"Organization\",\"@id\":\"https:\/\/livello.com\/en\/#organization\",\"name\":\"Livello GmbH\",\"url\":\"https:\/\/livello.com\/en\/\",\"logo\":{\"@type\":\"ImageObject\",\"inLanguage\":\"en-US\",\"@id\":\"https:\/\/livello.com\/en\/#\/schema\/logo\/image\/\",\"url\":\"https:\/\/livello.com\/wp-content\/uploads\/2023\/09\/Black-Logo-5-scaled.png\",\"contentUrl\":\"https:\/\/livello.com\/wp-content\/uploads\/2023\/09\/Black-Logo-5-scaled.png\",\"width\":2560,\"height\":1151,\"caption\":\"Livello GmbH\"},\"image\":{\"@id\":\"https:\/\/livello.com\/en\/#\/schema\/logo\/image\/\"},\"sameAs\":[\"https:\/\/x.com\/livellogmbh\",\"https:\/\/www.linkedin.com\/company\/livello-technologies\/\",\"https:\/\/www.tiktok.com\/@livello_gmbh\",\"https:\/\/www.instagram.com\/livello.tech\/\"]}]}<\/script>\n<!-- \/ Yoast SEO Premium plugin. -->","yoast_head_json":{"title":"Messetermine - Livello","robots":{"index":"index","follow":"follow","max-snippet":"max-snippet:-1","max-image-preview":"max-image-preview:large","max-video-preview":"max-video-preview:-1"},"canonical":"https:\/\/livello.com\/en\/messetermine\/","og_locale":"en_US","og_type":"article","og_title":"Messetermine","og_description":"Entdecken Sie Livello live auf Deutschlands f\u00fchrenden Branchenmessen. Livello auf Branchenmessen 2026 \u2013 Smart Kiosks live entdecken Auf den Messen pr\u00e4sentieren wir unsere Smart Kiosks und Catering-Automaten f\u00fcr Unternehmen, Hotels, Fitnessstudios, Kliniken und Hochschulen \u2013 und wie sie der Betriebsverpflegung neue Effizienz bringen. Sehen Sie unsere L\u00f6sungen in Aktion, erleben Sie die Mission Control Software, [&hellip;]","og_url":"https:\/\/livello.com\/en\/messetermine\/","og_site_name":"Livello","article_modified_time":"2026-04-16T10:59:31+00:00","og_image":[{"url":"https:\/\/livello.com\/wp-content\/uploads\/elementor\/thumbs\/3-1-rjrm0e2yf4n8r6u5fhgk5korkqa5b4swy0yy354nb4.png","type":"","width":"","height":""}],"twitter_card":"summary_large_image","twitter_site":"@livellogmbh","twitter_misc":{"Est. reading time":"2 minutes"},"schema":{"@context":"https:\/\/schema.org","@graph":[{"@type":"WebPage","@id":"https:\/\/livello.com\/en\/messetermine\/","url":"https:\/\/livello.com\/en\/messetermine\/","name":"Messetermine - Livello","isPartOf":{"@id":"https:\/\/livello.com\/en\/#website"},"primaryImageOfPage":{"@id":"https:\/\/livello.com\/en\/messetermine\/#primaryimage"},"image":{"@id":"https:\/\/livello.com\/en\/messetermine\/#primaryimage"},"thumbnailUrl":"https:\/\/livello.com\/wp-content\/uploads\/elementor\/thumbs\/3-1-rjrm0e2yf4n8r6u5fhgk5korkqa5b4swy0yy354nb4.png","datePublished":"2025-09-11T09:13:50+00:00","dateModified":"2026-04-16T10:59:31+00:00","breadcrumb":{"@id":"https:\/\/livello.com\/en\/messetermine\/#breadcrumb"},"inLanguage":"en-US","potentialAction":[{"@type":"ReadAction","target":["https:\/\/livello.com\/en\/messetermine\/"]}]},{"@type":"ImageObject","inLanguage":"en-US","@id":"https:\/\/livello.com\/en\/messetermine\/#primaryimage","url":"https:\/\/livello.com\/wp-content\/uploads\/elementor\/thumbs\/3-1-rjrm0e2yf4n8r6u5fhgk5korkqa5b4swy0yy354nb4.png","contentUrl":"https:\/\/livello.com\/wp-content\/uploads\/elementor\/thumbs\/3-1-rjrm0e2yf4n8r6u5fhgk5korkqa5b4swy0yy354nb4.png"},{"@type":"BreadcrumbList","@id":"https:\/\/livello.com\/en\/messetermine\/#breadcrumb","itemListElement":[{"@type":"ListItem","position":1,"name":"Startseite","item":"https:\/\/livello.com\/"},{"@type":"ListItem","position":2,"name":"Messetermine"}]},{"@type":"WebSite","@id":"https:\/\/livello.com\/en\/#website","url":"https:\/\/livello.com\/en\/","name":"Livello","description":"Livello Smart Fridge","publisher":{"@id":"https:\/\/livello.com\/en\/#organization"},"potentialAction":[{"@type":"SearchAction","target":{"@type":"EntryPoint","urlTemplate":"https:\/\/livello.com\/en\/?s={search_term_string}"},"query-input":{"@type":"PropertyValueSpecification","valueRequired":true,"valueName":"search_term_string"}}],"inLanguage":"en-US"},{"@type":"Organization","@id":"https:\/\/livello.com\/en\/#organization","name":"Livello GmbH","url":"https:\/\/livello.com\/en\/","logo":{"@type":"ImageObject","inLanguage":"en-US","@id":"https:\/\/livello.com\/en\/#\/schema\/logo\/image\/","url":"https:\/\/livello.com\/wp-content\/uploads\/2023\/09\/Black-Logo-5-scaled.png","contentUrl":"https:\/\/livello.com\/wp-content\/uploads\/2023\/09\/Black-Logo-5-scaled.png","width":2560,"height":1151,"caption":"Livello GmbH"},"image":{"@id":"https:\/\/livello.com\/en\/#\/schema\/logo\/image\/"},"sameAs":["https:\/\/x.com\/livellogmbh","https:\/\/www.linkedin.com\/company\/livello-technologies\/","https:\/\/www.tiktok.com\/@livello_gmbh","https:\/\/www.instagram.com\/livello.tech\/"]}]}},"jetpack_sharing_enabled":true,"_links":{"self":[{"href":"https:\/\/livello.com\/en\/wp-json\/wp\/v2\/pages\/23092","targetHints":{"allow":["GET"]}}],"collection":[{"href":"https:\/\/livello.com\/en\/wp-json\/wp\/v2\/pages"}],"about":[{"href":"https:\/\/livello.com\/en\/wp-json\/wp\/v2\/types\/page"}],"author":[{"embeddable":true,"href":"https:\/\/livello.com\/en\/wp-json\/wp\/v2\/users\/1"}],"replies":[{"embeddable":true,"href":"https:\/\/livello.com\/en\/wp-json\/wp\/v2\/comments?post=23092"}],"version-history":[{"count":94,"href":"https:\/\/livello.com\/en\/wp-json\/wp\/v2\/pages\/23092\/revisions"}],"predecessor-version":[{"id":28505,"href":"https:\/\/livello.com\/en\/wp-json\/wp\/v2\/pages\/23092\/revisions\/28505"}],"wp:attachment":[{"href":"https:\/\/livello.com\/en\/wp-json\/wp\/v2\/media?parent=23092"}],"curies":[{"name":"wp","href":"https:\/\/api.w.org\/{rel}","templated":true}]}}