{"id":27037,"date":"2025-11-27T11:16:33","date_gmt":"2025-11-27T10:16:33","guid":{"rendered":"https:\/\/livello.com\/?page_id=27037"},"modified":"2025-11-27T13:16:14","modified_gmt":"2025-11-27T12:16:14","slug":"broschuere-fitness","status":"publish","type":"page","link":"https:\/\/livello.com\/en\/ad\/fitness\/broschuere-fitness\/","title":{"rendered":"Brosch\u00fcre Fitness"},"content":{"rendered":"<div data-elementor-type=\"wp-page\" data-elementor-id=\"27037\" class=\"elementor elementor-27037\" data-elementor-post-type=\"page\">\n\t\t\t\t<div class=\"elementor-element elementor-element-5d5135d e-flex e-con-boxed e-con e-parent\" data-id=\"5d5135d\" data-element_type=\"container\" data-e-type=\"container\" data-settings=\"{&quot;background_background&quot;:&quot;video&quot;,&quot;background_video_link&quot;:&quot;https:\\\/\\\/www.youtube.com\\\/watch?v=mPn5MfWEdCY&quot;,&quot;background_video_start&quot;:26,&quot;background_play_on_mobile&quot;:&quot;yes&quot;,&quot;background_privacy_mode&quot;:&quot;yes&quot;}\">\n\t\t\t\t\t<div class=\"e-con-inner\">\n\t\t<div class=\"elementor-background-video-container\">\n\t\t\t\t\t\t\t<div class=\"elementor-background-video-embed\" role=\"presentation\"><\/div>\n\t\t\t\t\t\t<\/div><div class=\"elementor-element elementor-element-e0d56e6 e-con-full hero-section e-flex e-con e-child\" data-id=\"e0d56e6\" data-element_type=\"container\" data-e-type=\"container\">\n\t\t<div class=\"elementor-element elementor-element-1d928f4 e-con-full e-flex e-con e-child\" data-id=\"1d928f4\" data-element_type=\"container\" data-e-type=\"container\">\n\t\t\t\t<div class=\"elementor-element elementor-element-93ae58d elementor-widget elementor-widget-image\" data-id=\"93ae58d\" data-element_type=\"widget\" data-e-type=\"widget\" data-settings=\"{&quot;ekit_we_effect_on&quot;:&quot;none&quot;}\" data-widget_type=\"image.default\">\n\t\t\t\t<div class=\"elementor-widget-container\">\n\t\t\t\t\t\t\t\t\t\t\t\t\t\t\t<img fetchpriority=\"high\" decoding=\"async\" width=\"1024\" height=\"460\" src=\"https:\/\/livello.com\/wp-content\/uploads\/2023\/09\/all-white-Logo-3-1024x460.png\" class=\"attachment-large size-large wp-image-21855\" alt=\"\" srcset=\"https:\/\/livello.com\/wp-content\/uploads\/2023\/09\/all-white-Logo-3-1024x460.png 1024w, https:\/\/livello.com\/wp-content\/uploads\/2023\/09\/all-white-Logo-3-300x135.png 300w, https:\/\/livello.com\/wp-content\/uploads\/2023\/09\/all-white-Logo-3-768x345.png 768w, https:\/\/livello.com\/wp-content\/uploads\/2023\/09\/all-white-Logo-3-1536x691.png 1536w, https:\/\/livello.com\/wp-content\/uploads\/2023\/09\/all-white-Logo-3-2048x921.png 2048w, https:\/\/livello.com\/wp-content\/uploads\/2023\/09\/all-white-Logo-3-710x319.png 710w, https:\/\/livello.com\/wp-content\/uploads\/2023\/09\/all-white-Logo-3-600x270.png 600w\" sizes=\"(max-width: 1024px) 100vw, 1024px\" \/>\t\t\t\t\t\t\t\t\t\t\t\t\t\t\t<\/div>\n\t\t\t\t<\/div>\n\t\t\t\t<div class=\"elementor-element elementor-element-1326bf3 animated-fast elementor-widget__width-initial elementor-invisible elementor-widget elementor-widget-elementskit-heading\" data-id=\"1326bf3\" data-element_type=\"widget\" data-e-type=\"widget\" data-settings=\"{&quot;_animation&quot;:&quot;fadeIn&quot;,&quot;ekit_we_effect_on&quot;:&quot;css&quot;,&quot;_animation_delay&quot;:100}\" data-widget_type=\"elementskit-heading.default\">\n\t\t\t\t<div class=\"elementor-widget-container\">\n\t\t\t\t\t<div class=\"ekit-wid-con\" ><div class=\"ekit-heading elementskit-section-title-wraper text_left   ekit_heading_tablet-   ekit_heading_mobile-\"><h1 class=\"ekit-heading--title elementskit-section-title\">Erhalten Sie unsere Produktbrosch\u00fcre<\/h1>\t\t\t\t<div class='ekit-heading__description'>\n\t\t\t\t\t<p>Alle Produktinformationen rund um unseren SmartKiosk \u2013 speziell f\u00fcr Ihr Fitnessstudio. Erfahren Sie, wie Sie unsere Ger\u00e4te optimal vor Ort einsetzen, um Ihren Mitgliedern ein bestm\u00f6gliches Einkaufserlebnis zu bieten.<\/p>\n\t\t\t\t<\/div>\n\t\t\t<\/div><\/div>\t\t\t\t<\/div>\n\t\t\t\t<\/div>\n\t\t\t\t<\/div>\n\t\t\t\t<\/div>\n\t\t<div class=\"elementor-element elementor-element-f8a69a1 e-con-full hero-section e-flex e-con e-child\" data-id=\"f8a69a1\" data-element_type=\"container\" data-e-type=\"container\">\n\t\t<div class=\"elementor-element elementor-element-c6f42ea e-con-full e-flex e-con e-child\" data-id=\"c6f42ea\" data-element_type=\"container\" data-e-type=\"container\" data-settings=\"{&quot;background_background&quot;:&quot;classic&quot;}\">\n\t\t\t\t<div class=\"elementor-element elementor-element-fcf98ca elementor-widget elementor-widget-html\" data-id=\"fcf98ca\" data-element_type=\"widget\" data-e-type=\"widget\" data-settings=\"{&quot;ekit_we_effect_on&quot;:&quot;none&quot;}\" data-widget_type=\"html.default\">\n\t\t\t\t<div class=\"elementor-widget-container\">\n\t\t\t\t\t<div class=\"pipedriveWebForms\" data-pd-webforms=\"https:\/\/webforms.pipedrive.com\/f\/c5i8I2mUN3qyBI2S8svtieHY48S08EoVXUm4LLdBMGoiDKQqK1VTO214qgT0dtQTXZ\"><script src=\"https:\/\/webforms.pipedrive.com\/f\/loader\"><\/script><\/div>\t\t\t\t<\/div>\n\t\t\t\t<\/div>\n\t\t\t\t<\/div>\n\t\t<div class=\"elementor-element elementor-element-f90dbe9 e-con-full e-flex e-con e-child\" data-id=\"f90dbe9\" data-element_type=\"container\" data-e-type=\"container\" data-settings=\"{&quot;background_background&quot;:&quot;classic&quot;}\">\n\t\t<div class=\"elementor-element elementor-element-07e034f e-con-full e-flex e-con e-child\" data-id=\"07e034f\" data-element_type=\"container\" data-e-type=\"container\">\n\t\t<div class=\"elementor-element elementor-element-2185baf e-con-full e-flex e-con e-child\" data-id=\"2185baf\" data-element_type=\"container\" data-e-type=\"container\">\n\t\t\t\t<div class=\"elementor-element elementor-element-d3f12cd elementor-align-left elementor-mobile-align-left elementor-widget elementor-widget-button\" data-id=\"d3f12cd\" data-element_type=\"widget\" data-e-type=\"widget\" data-settings=\"{&quot;ekit_we_effect_on&quot;:&quot;none&quot;}\" data-widget_type=\"button.default\">\n\t\t\t\t<div class=\"elementor-widget-container\">\n\t\t\t\t\t\t\t\t\t<div class=\"elementor-button-wrapper\">\n\t\t\t\t\t<a class=\"elementor-button elementor-button-link elementor-size-sm\" href=\"https:\/\/livellogmbh3.pipedrive.com\/scheduler\/EO4GjPHD\/livello-beratungsgesprach\">\n\t\t\t\t\t\t<span class=\"elementor-button-content-wrapper\">\n\t\t\t\t\t\t\t\t\t<span class=\"elementor-button-text\">Book an Appointment<\/span>\n\t\t\t\t\t<\/span>\n\t\t\t\t\t<\/a>\n\t\t\t\t<\/div>\n\t\t\t\t\t\t\t\t<\/div>\n\t\t\t\t<\/div>\n\t\t\t\t<\/div>\n\t\t<div class=\"elementor-element elementor-element-4bab9dc e-con-full e-flex e-con e-child\" data-id=\"4bab9dc\" data-element_type=\"container\" data-e-type=\"container\">\n\t\t\t\t<div class=\"elementor-element elementor-element-656202a elementor-align-left elementor-mobile-align-left elementor-widget elementor-widget-button\" data-id=\"656202a\" data-element_type=\"widget\" data-e-type=\"widget\" data-settings=\"{&quot;ekit_we_effect_on&quot;:&quot;none&quot;}\" data-widget_type=\"button.default\">\n\t\t\t\t<div class=\"elementor-widget-container\">\n\t\t\t\t\t\t\t\t\t<div class=\"elementor-button-wrapper\">\n\t\t\t\t\t<a class=\"elementor-button elementor-button-link elementor-size-sm\" href=\"tel:021163556323\">\n\t\t\t\t\t\t<span class=\"elementor-button-content-wrapper\">\n\t\t\t\t\t\t\t\t\t<span class=\"elementor-button-text\">Uns direkt anrufen<\/span>\n\t\t\t\t\t<\/span>\n\t\t\t\t\t<\/a>\n\t\t\t\t<\/div>\n\t\t\t\t\t\t\t\t<\/div>\n\t\t\t\t<\/div>\n\t\t\t\t<\/div>\n\t\t\t\t<\/div>\n\t\t<div class=\"elementor-element elementor-element-fb2ceef e-con-full e-flex e-con e-child\" data-id=\"fb2ceef\" data-element_type=\"container\" data-e-type=\"container\">\n\t\t\t\t<div class=\"elementor-element elementor-element-7c26609 elementor-widget__width-auto animated-fast elementor-invisible elementor-widget elementor-widget-image\" data-id=\"7c26609\" data-element_type=\"widget\" data-e-type=\"widget\" data-settings=\"{&quot;_animation&quot;:&quot;zoomIn&quot;,&quot;_animation_delay&quot;:200,&quot;ekit_we_effect_on&quot;:&quot;none&quot;}\" data-widget_type=\"image.default\">\n\t\t\t\t<div class=\"elementor-widget-container\">\n\t\t\t\t\t\t\t\t\t\t\t\t\t\t\t<img decoding=\"async\" width=\"1200\" height=\"1200\" src=\"https:\/\/livello.com\/wp-content\/uploads\/2025\/08\/Livellos-Team-Member-.png\" class=\"attachment-full size-full wp-image-22196\" alt=\"\" srcset=\"https:\/\/livello.com\/wp-content\/uploads\/2025\/08\/Livellos-Team-Member-.png 1200w, https:\/\/livello.com\/wp-content\/uploads\/2025\/08\/Livellos-Team-Member--300x300.png 300w, https:\/\/livello.com\/wp-content\/uploads\/2025\/08\/Livellos-Team-Member--1024x1024.png 1024w, https:\/\/livello.com\/wp-content\/uploads\/2025\/08\/Livellos-Team-Member--150x150.png 150w, https:\/\/livello.com\/wp-content\/uploads\/2025\/08\/Livellos-Team-Member--768x768.png 768w, https:\/\/livello.com\/wp-content\/uploads\/2025\/08\/Livellos-Team-Member--710x710.png 710w, https:\/\/livello.com\/wp-content\/uploads\/2025\/08\/Livellos-Team-Member--600x600.png 600w, https:\/\/livello.com\/wp-content\/uploads\/2025\/08\/Livellos-Team-Member--100x100.png 100w\" sizes=\"(max-width: 1200px) 100vw, 1200px\" \/>\t\t\t\t\t\t\t\t\t\t\t\t\t\t\t<\/div>\n\t\t\t\t<\/div>\n\t\t\t\t<div class=\"elementor-element elementor-element-26d1f74 elementor-widget__width-auto animated-fast elementor-invisible elementor-widget elementor-widget-image\" data-id=\"26d1f74\" data-element_type=\"widget\" data-e-type=\"widget\" data-settings=\"{&quot;_animation&quot;:&quot;zoomIn&quot;,&quot;_animation_delay&quot;:300,&quot;ekit_we_effect_on&quot;:&quot;none&quot;}\" data-widget_type=\"image.default\">\n\t\t\t\t<div class=\"elementor-widget-container\">\n\t\t\t\t\t\t\t\t\t\t\t\t\t\t\t<img decoding=\"async\" width=\"1200\" height=\"1200\" src=\"https:\/\/livello.com\/wp-content\/uploads\/2025\/08\/Livellos-Team-Member-1.png\" class=\"attachment-full size-full wp-image-22198\" alt=\"\" srcset=\"https:\/\/livello.com\/wp-content\/uploads\/2025\/08\/Livellos-Team-Member-1.png 1200w, https:\/\/livello.com\/wp-content\/uploads\/2025\/08\/Livellos-Team-Member-1-300x300.png 300w, https:\/\/livello.com\/wp-content\/uploads\/2025\/08\/Livellos-Team-Member-1-1024x1024.png 1024w, https:\/\/livello.com\/wp-content\/uploads\/2025\/08\/Livellos-Team-Member-1-150x150.png 150w, https:\/\/livello.com\/wp-content\/uploads\/2025\/08\/Livellos-Team-Member-1-768x768.png 768w, https:\/\/livello.com\/wp-content\/uploads\/2025\/08\/Livellos-Team-Member-1-710x710.png 710w, https:\/\/livello.com\/wp-content\/uploads\/2025\/08\/Livellos-Team-Member-1-600x600.png 600w, https:\/\/livello.com\/wp-content\/uploads\/2025\/08\/Livellos-Team-Member-1-100x100.png 100w\" sizes=\"(max-width: 1200px) 100vw, 1200px\" \/>\t\t\t\t\t\t\t\t\t\t\t\t\t\t\t<\/div>\n\t\t\t\t<\/div>\n\t\t\t\t<div class=\"elementor-element elementor-element-2123acf elementor-widget__width-auto animated-fast elementor-invisible elementor-widget elementor-widget-image\" data-id=\"2123acf\" data-element_type=\"widget\" data-e-type=\"widget\" data-settings=\"{&quot;_animation&quot;:&quot;zoomIn&quot;,&quot;_animation_delay&quot;:400,&quot;ekit_we_effect_on&quot;:&quot;none&quot;}\" data-widget_type=\"image.default\">\n\t\t\t\t<div class=\"elementor-widget-container\">\n\t\t\t\t\t\t\t\t\t\t\t\t\t\t\t<img decoding=\"async\" src=\"https:\/\/livello.com\/wp-content\/uploads\/elementor\/thumbs\/Design-ohne-Titel-6-rck17vkm4mg51w3eaeyxavoaprm0cgtwuiicsko4k0.png\" title=\"Design ohne Titel (6)\" alt=\"Design ohne Titel (6)\" loading=\"lazy\" \/>\t\t\t\t\t\t\t\t\t\t\t\t\t\t\t<\/div>\n\t\t\t\t<\/div>\n\t\t\t\t<div class=\"elementor-element elementor-element-305f506 elementor-widget__width-initial elementor-widget-tablet__width-initial animated-fast elementor-widget-mobile__width-initial elementor-invisible elementor-widget elementor-widget-text-editor\" data-id=\"305f506\" data-element_type=\"widget\" data-e-type=\"widget\" data-settings=\"{&quot;_animation&quot;:&quot;fadeIn&quot;,&quot;_animation_delay&quot;:400,&quot;ekit_we_effect_on&quot;:&quot;none&quot;}\" data-widget_type=\"text-editor.default\">\n\t\t\t\t<div class=\"elementor-widget-container\">\n\t\t\t\t\t\t\t\t\t<p>Unser Team ber\u00e4t Sie gerne f\u00fcr Ihr Fitnessstudio.<\/p>\t\t\t\t\t\t\t\t<\/div>\n\t\t\t\t<\/div>\n\t\t\t\t<\/div>\n\t\t\t\t<\/div>\n\t\t\t\t<\/div>\n\t\t\t\t\t<\/div>\n\t\t\t\t<\/div>\n\t\t\t\t<\/div>","protected":false},"excerpt":{"rendered":"<p>Erhalten Sie unsere Produktbrosch\u00fcre Alle Produktinformationen rund um unseren SmartKiosk \u2013 speziell f\u00fcr Ihr Fitnessstudio. Erfahren Sie, wie Sie unsere Ger\u00e4te optimal vor Ort einsetzen, um Ihren Mitgliedern ein bestm\u00f6gliches Einkaufserlebnis zu bieten. Termin buchen Uns direkt anrufen Unser Team ber\u00e4t Sie gerne f\u00fcr Ihr Fitnessstudio.<\/p>","protected":false},"author":1,"featured_media":0,"parent":26789,"menu_order":0,"comment_status":"closed","ping_status":"closed","template":"","meta":{"footnotes":""},"class_list":["post-27037","page","type-page","status-publish","hentry"],"yoast_head":"<!-- This site is optimized with the Yoast SEO Premium plugin v26.9 (Yoast SEO v27.1.1) - https:\/\/yoast.com\/product\/yoast-seo-premium-wordpress\/ -->\n<title>Brosch\u00fcre Fitness - Livello<\/title>\n<meta name=\"robots\" content=\"index, follow, max-snippet:-1, max-image-preview:large, max-video-preview:-1\" \/>\n<link rel=\"canonical\" href=\"https:\/\/livello.com\/en\/ad\/fitness\/broschuere-fitness\/\" \/>\n<meta property=\"og:locale\" content=\"en_US\" \/>\n<meta property=\"og:type\" content=\"article\" \/>\n<meta property=\"og:title\" content=\"Brosch\u00fcre Fitness\" \/>\n<meta property=\"og:description\" content=\"Erhalten Sie unsere Produktbrosch\u00fcre Alle Produktinformationen rund um unseren SmartKiosk \u2013 speziell f\u00fcr Ihr Fitnessstudio. Erfahren Sie, wie Sie unsere Ger\u00e4te optimal vor Ort einsetzen, um Ihren Mitgliedern ein bestm\u00f6gliches Einkaufserlebnis zu bieten. Termin buchen Uns direkt anrufen Unser Team ber\u00e4t Sie gerne f\u00fcr Ihr Fitnessstudio.\" \/>\n<meta property=\"og:url\" content=\"https:\/\/livello.com\/en\/ad\/fitness\/broschuere-fitness\/\" \/>\n<meta property=\"og:site_name\" content=\"Livello\" \/>\n<meta property=\"article:modified_time\" content=\"2025-11-27T12:16:14+00:00\" \/>\n<meta property=\"og:image\" content=\"https:\/\/livello.com\/wp-content\/uploads\/2023\/09\/all-white-Logo-3-scaled.png\" \/>\n\t<meta property=\"og:image:width\" content=\"2560\" \/>\n\t<meta property=\"og:image:height\" content=\"1151\" \/>\n\t<meta property=\"og:image:type\" content=\"image\/png\" \/>\n<meta name=\"twitter:card\" content=\"summary_large_image\" \/>\n<meta name=\"twitter:site\" content=\"@livellogmbh\" \/>\n<meta name=\"twitter:label1\" content=\"Est. reading time\" \/>\n\t<meta name=\"twitter:data1\" content=\"2 minutes\" \/>\n<script type=\"application\/ld+json\" class=\"yoast-schema-graph\">{\"@context\":\"https:\/\/schema.org\",\"@graph\":[{\"@type\":\"WebPage\",\"@id\":\"https:\/\/livello.com\/en\/ad\/fitness\/broschuere-fitness\/\",\"url\":\"https:\/\/livello.com\/en\/ad\/fitness\/broschuere-fitness\/\",\"name\":\"Brosch\u00fcre Fitness - Livello\",\"isPartOf\":{\"@id\":\"https:\/\/livello.com\/en\/#website\"},\"primaryImageOfPage\":{\"@id\":\"https:\/\/livello.com\/en\/ad\/fitness\/broschuere-fitness\/#primaryimage\"},\"image\":{\"@id\":\"https:\/\/livello.com\/en\/ad\/fitness\/broschuere-fitness\/#primaryimage\"},\"thumbnailUrl\":\"https:\/\/livello.com\/wp-content\/uploads\/2023\/09\/all-white-Logo-3-1024x460.png\",\"datePublished\":\"2025-11-27T10:16:33+00:00\",\"dateModified\":\"2025-11-27T12:16:14+00:00\",\"breadcrumb\":{\"@id\":\"https:\/\/livello.com\/en\/ad\/fitness\/broschuere-fitness\/#breadcrumb\"},\"inLanguage\":\"en-US\",\"potentialAction\":[{\"@type\":\"ReadAction\",\"target\":[\"https:\/\/livello.com\/en\/ad\/fitness\/broschuere-fitness\/\"]}]},{\"@type\":\"ImageObject\",\"inLanguage\":\"en-US\",\"@id\":\"https:\/\/livello.com\/en\/ad\/fitness\/broschuere-fitness\/#primaryimage\",\"url\":\"https:\/\/livello.com\/wp-content\/uploads\/2023\/09\/all-white-Logo-3-1024x460.png\",\"contentUrl\":\"https:\/\/livello.com\/wp-content\/uploads\/2023\/09\/all-white-Logo-3-1024x460.png\"},{\"@type\":\"BreadcrumbList\",\"@id\":\"https:\/\/livello.com\/en\/ad\/fitness\/broschuere-fitness\/#breadcrumb\",\"itemListElement\":[{\"@type\":\"ListItem\",\"position\":1,\"name\":\"Startseite\",\"item\":\"https:\/\/livello.com\/\"},{\"@type\":\"ListItem\",\"position\":2,\"name\":\"AD\",\"item\":\"https:\/\/livello.com\/ad\/\"},{\"@type\":\"ListItem\",\"position\":3,\"name\":\"Ad Fitness\",\"item\":\"https:\/\/livello.com\/ad\/fitness\/\"},{\"@type\":\"ListItem\",\"position\":4,\"name\":\"Brosch\u00fcre Fitness\"}]},{\"@type\":\"WebSite\",\"@id\":\"https:\/\/livello.com\/en\/#website\",\"url\":\"https:\/\/livello.com\/en\/\",\"name\":\"Livello\",\"description\":\"Livello Smart Fridge\",\"publisher\":{\"@id\":\"https:\/\/livello.com\/en\/#organization\"},\"potentialAction\":[{\"@type\":\"SearchAction\",\"target\":{\"@type\":\"EntryPoint\",\"urlTemplate\":\"https:\/\/livello.com\/en\/?s={search_term_string}\"},\"query-input\":{\"@type\":\"PropertyValueSpecification\",\"valueRequired\":true,\"valueName\":\"search_term_string\"}}],\"inLanguage\":\"en-US\"},{\"@type\":\"Organization\",\"@id\":\"https:\/\/livello.com\/en\/#organization\",\"name\":\"Livello GmbH\",\"url\":\"https:\/\/livello.com\/en\/\",\"logo\":{\"@type\":\"ImageObject\",\"inLanguage\":\"en-US\",\"@id\":\"https:\/\/livello.com\/en\/#\/schema\/logo\/image\/\",\"url\":\"https:\/\/livello.com\/wp-content\/uploads\/2023\/09\/Black-Logo-5-scaled.png\",\"contentUrl\":\"https:\/\/livello.com\/wp-content\/uploads\/2023\/09\/Black-Logo-5-scaled.png\",\"width\":2560,\"height\":1151,\"caption\":\"Livello GmbH\"},\"image\":{\"@id\":\"https:\/\/livello.com\/en\/#\/schema\/logo\/image\/\"},\"sameAs\":[\"https:\/\/x.com\/livellogmbh\",\"https:\/\/www.linkedin.com\/company\/livello-technologies\/\",\"https:\/\/www.tiktok.com\/@livello_gmbh\",\"https:\/\/www.instagram.com\/livello.tech\/\"]}]}<\/script>\n<!-- \/ Yoast SEO Premium plugin. -->","yoast_head_json":{"title":"Brosch\u00fcre Fitness - Livello","robots":{"index":"index","follow":"follow","max-snippet":"max-snippet:-1","max-image-preview":"max-image-preview:large","max-video-preview":"max-video-preview:-1"},"canonical":"https:\/\/livello.com\/en\/ad\/fitness\/broschuere-fitness\/","og_locale":"en_US","og_type":"article","og_title":"Brosch\u00fcre Fitness","og_description":"Erhalten Sie unsere Produktbrosch\u00fcre Alle Produktinformationen rund um unseren SmartKiosk \u2013 speziell f\u00fcr Ihr Fitnessstudio. Erfahren Sie, wie Sie unsere Ger\u00e4te optimal vor Ort einsetzen, um Ihren Mitgliedern ein bestm\u00f6gliches Einkaufserlebnis zu bieten. Termin buchen Uns direkt anrufen Unser Team ber\u00e4t Sie gerne f\u00fcr Ihr Fitnessstudio.","og_url":"https:\/\/livello.com\/en\/ad\/fitness\/broschuere-fitness\/","og_site_name":"Livello","article_modified_time":"2025-11-27T12:16:14+00:00","og_image":[{"width":2560,"height":1151,"url":"https:\/\/livello.com\/wp-content\/uploads\/2023\/09\/all-white-Logo-3-scaled.png","type":"image\/png"}],"twitter_card":"summary_large_image","twitter_site":"@livellogmbh","twitter_misc":{"Est. reading time":"2 minutes"},"schema":{"@context":"https:\/\/schema.org","@graph":[{"@type":"WebPage","@id":"https:\/\/livello.com\/en\/ad\/fitness\/broschuere-fitness\/","url":"https:\/\/livello.com\/en\/ad\/fitness\/broschuere-fitness\/","name":"Brosch\u00fcre Fitness - Livello","isPartOf":{"@id":"https:\/\/livello.com\/en\/#website"},"primaryImageOfPage":{"@id":"https:\/\/livello.com\/en\/ad\/fitness\/broschuere-fitness\/#primaryimage"},"image":{"@id":"https:\/\/livello.com\/en\/ad\/fitness\/broschuere-fitness\/#primaryimage"},"thumbnailUrl":"https:\/\/livello.com\/wp-content\/uploads\/2023\/09\/all-white-Logo-3-1024x460.png","datePublished":"2025-11-27T10:16:33+00:00","dateModified":"2025-11-27T12:16:14+00:00","breadcrumb":{"@id":"https:\/\/livello.com\/en\/ad\/fitness\/broschuere-fitness\/#breadcrumb"},"inLanguage":"en-US","potentialAction":[{"@type":"ReadAction","target":["https:\/\/livello.com\/en\/ad\/fitness\/broschuere-fitness\/"]}]},{"@type":"ImageObject","inLanguage":"en-US","@id":"https:\/\/livello.com\/en\/ad\/fitness\/broschuere-fitness\/#primaryimage","url":"https:\/\/livello.com\/wp-content\/uploads\/2023\/09\/all-white-Logo-3-1024x460.png","contentUrl":"https:\/\/livello.com\/wp-content\/uploads\/2023\/09\/all-white-Logo-3-1024x460.png"},{"@type":"BreadcrumbList","@id":"https:\/\/livello.com\/en\/ad\/fitness\/broschuere-fitness\/#breadcrumb","itemListElement":[{"@type":"ListItem","position":1,"name":"Startseite","item":"https:\/\/livello.com\/"},{"@type":"ListItem","position":2,"name":"AD","item":"https:\/\/livello.com\/ad\/"},{"@type":"ListItem","position":3,"name":"Ad Fitness","item":"https:\/\/livello.com\/ad\/fitness\/"},{"@type":"ListItem","position":4,"name":"Brosch\u00fcre Fitness"}]},{"@type":"WebSite","@id":"https:\/\/livello.com\/en\/#website","url":"https:\/\/livello.com\/en\/","name":"Livello","description":"Livello Smart Fridge","publisher":{"@id":"https:\/\/livello.com\/en\/#organization"},"potentialAction":[{"@type":"SearchAction","target":{"@type":"EntryPoint","urlTemplate":"https:\/\/livello.com\/en\/?s={search_term_string}"},"query-input":{"@type":"PropertyValueSpecification","valueRequired":true,"valueName":"search_term_string"}}],"inLanguage":"en-US"},{"@type":"Organization","@id":"https:\/\/livello.com\/en\/#organization","name":"Livello GmbH","url":"https:\/\/livello.com\/en\/","logo":{"@type":"ImageObject","inLanguage":"en-US","@id":"https:\/\/livello.com\/en\/#\/schema\/logo\/image\/","url":"https:\/\/livello.com\/wp-content\/uploads\/2023\/09\/Black-Logo-5-scaled.png","contentUrl":"https:\/\/livello.com\/wp-content\/uploads\/2023\/09\/Black-Logo-5-scaled.png","width":2560,"height":1151,"caption":"Livello GmbH"},"image":{"@id":"https:\/\/livello.com\/en\/#\/schema\/logo\/image\/"},"sameAs":["https:\/\/x.com\/livellogmbh","https:\/\/www.linkedin.com\/company\/livello-technologies\/","https:\/\/www.tiktok.com\/@livello_gmbh","https:\/\/www.instagram.com\/livello.tech\/"]}]}},"jetpack_sharing_enabled":true,"_links":{"self":[{"href":"https:\/\/livello.com\/en\/wp-json\/wp\/v2\/pages\/27037","targetHints":{"allow":["GET"]}}],"collection":[{"href":"https:\/\/livello.com\/en\/wp-json\/wp\/v2\/pages"}],"about":[{"href":"https:\/\/livello.com\/en\/wp-json\/wp\/v2\/types\/page"}],"author":[{"embeddable":true,"href":"https:\/\/livello.com\/en\/wp-json\/wp\/v2\/users\/1"}],"replies":[{"embeddable":true,"href":"https:\/\/livello.com\/en\/wp-json\/wp\/v2\/comments?post=27037"}],"version-history":[{"count":94,"href":"https:\/\/livello.com\/en\/wp-json\/wp\/v2\/pages\/27037\/revisions"}],"predecessor-version":[{"id":27134,"href":"https:\/\/livello.com\/en\/wp-json\/wp\/v2\/pages\/27037\/revisions\/27134"}],"up":[{"embeddable":true,"href":"https:\/\/livello.com\/en\/wp-json\/wp\/v2\/pages\/26789"}],"wp:attachment":[{"href":"https:\/\/livello.com\/en\/wp-json\/wp\/v2\/media?parent=27037"}],"curies":[{"name":"wp","href":"https:\/\/api.w.org\/{rel}","templated":true}]}}