{"id":27143,"date":"2025-11-27T13:32:10","date_gmt":"2025-11-27T12:32:10","guid":{"rendered":"https:\/\/livello.com\/?page_id=27143"},"modified":"2025-11-27T13:35:56","modified_gmt":"2025-11-27T12:35:56","slug":"catering","status":"publish","type":"page","link":"https:\/\/livello.com\/en\/ad\/unternehmen\/catering\/","title":{"rendered":"Catering"},"content":{"rendered":"<div data-elementor-type=\"wp-page\" data-elementor-id=\"27143\" class=\"elementor elementor-27143\" data-elementor-post-type=\"page\">\n\t\t\t\t<div class=\"elementor-element elementor-element-8f73245 e-flex e-con-boxed e-con e-parent\" data-id=\"8f73245\" data-element_type=\"container\" data-e-type=\"container\" data-settings=\"{&quot;background_background&quot;:&quot;video&quot;,&quot;background_video_link&quot;:&quot;https:\\\/\\\/www.youtube.com\\\/watch?v=mPn5MfWEdCY&quot;,&quot;background_video_start&quot;:26,&quot;background_play_on_mobile&quot;:&quot;yes&quot;,&quot;background_privacy_mode&quot;:&quot;yes&quot;}\">\n\t\t\t\t\t<div class=\"e-con-inner\">\n\t\t<div class=\"elementor-background-video-container\">\n\t\t\t\t\t\t\t<div class=\"elementor-background-video-embed\" role=\"presentation\"><\/div>\n\t\t\t\t\t\t<\/div><div class=\"elementor-element elementor-element-bf66049 e-con-full hero-section e-flex e-con e-child\" data-id=\"bf66049\" data-element_type=\"container\" data-e-type=\"container\">\n\t\t<div class=\"elementor-element elementor-element-e0122fa e-con-full e-flex e-con e-child\" data-id=\"e0122fa\" data-element_type=\"container\" data-e-type=\"container\">\n\t\t\t\t<div class=\"elementor-element elementor-element-64e91a7 elementor-widget elementor-widget-image\" data-id=\"64e91a7\" data-element_type=\"widget\" data-e-type=\"widget\" data-settings=\"{&quot;ekit_we_effect_on&quot;:&quot;none&quot;}\" data-widget_type=\"image.default\">\n\t\t\t\t<div class=\"elementor-widget-container\">\n\t\t\t\t\t\t\t\t\t\t\t\t\t\t\t<img fetchpriority=\"high\" decoding=\"async\" width=\"1024\" height=\"460\" src=\"https:\/\/livello.com\/wp-content\/uploads\/2023\/09\/all-white-Logo-3-1024x460.png\" class=\"attachment-large size-large wp-image-21855\" alt=\"\" srcset=\"https:\/\/livello.com\/wp-content\/uploads\/2023\/09\/all-white-Logo-3-1024x460.png 1024w, https:\/\/livello.com\/wp-content\/uploads\/2023\/09\/all-white-Logo-3-300x135.png 300w, https:\/\/livello.com\/wp-content\/uploads\/2023\/09\/all-white-Logo-3-768x345.png 768w, https:\/\/livello.com\/wp-content\/uploads\/2023\/09\/all-white-Logo-3-1536x691.png 1536w, https:\/\/livello.com\/wp-content\/uploads\/2023\/09\/all-white-Logo-3-2048x921.png 2048w, https:\/\/livello.com\/wp-content\/uploads\/2023\/09\/all-white-Logo-3-710x319.png 710w, https:\/\/livello.com\/wp-content\/uploads\/2023\/09\/all-white-Logo-3-600x270.png 600w\" sizes=\"(max-width: 1024px) 100vw, 1024px\" \/>\t\t\t\t\t\t\t\t\t\t\t\t\t\t\t<\/div>\n\t\t\t\t<\/div>\n\t\t\t\t<div class=\"elementor-element elementor-element-4e4af19 animated-fast elementor-widget__width-initial elementor-invisible elementor-widget elementor-widget-elementskit-heading\" data-id=\"4e4af19\" data-element_type=\"widget\" data-e-type=\"widget\" data-settings=\"{&quot;_animation&quot;:&quot;fadeIn&quot;,&quot;ekit_we_effect_on&quot;:&quot;css&quot;,&quot;_animation_delay&quot;:100}\" data-widget_type=\"elementskit-heading.default\">\n\t\t\t\t<div class=\"elementor-widget-container\">\n\t\t\t\t\t<div class=\"ekit-wid-con\" ><div class=\"ekit-heading elementskit-section-title-wraper text_left   ekit_heading_tablet-   ekit_heading_mobile-\"><h1 class=\"ekit-heading--title elementskit-section-title\">Erhalten Sie unsere Produktbrosch\u00fcre<\/h1>\t\t\t\t<div class='ekit-heading__description'>\n\t\t\t\t\t<p>Alle Produktinformationen rund um unseren SmartKiosk \u2013 speziell f\u00fcr Contract Caterer. Erfahren Sie, wie Sie unsere Ger\u00e4te optimal in Ihren Betriebsrestaurants und Catering-Standorten einsetzen, um G\u00e4sten und Mitarbeitenden ein modernes, flexibles und komfortables Einkaufserlebnis zu bieten.<\/p>\n\t\t\t\t<\/div>\n\t\t\t<\/div><\/div>\t\t\t\t<\/div>\n\t\t\t\t<\/div>\n\t\t\t\t<\/div>\n\t\t\t\t<\/div>\n\t\t<div class=\"elementor-element elementor-element-174d107 e-con-full hero-section e-flex e-con e-child\" data-id=\"174d107\" data-element_type=\"container\" data-e-type=\"container\">\n\t\t<div class=\"elementor-element elementor-element-85045db e-con-full e-flex e-con e-child\" data-id=\"85045db\" data-element_type=\"container\" data-e-type=\"container\" data-settings=\"{&quot;background_background&quot;:&quot;classic&quot;}\">\n\t\t\t\t<div class=\"elementor-element elementor-element-ec4600f elementor-widget elementor-widget-html\" data-id=\"ec4600f\" data-element_type=\"widget\" data-e-type=\"widget\" data-settings=\"{&quot;ekit_we_effect_on&quot;:&quot;none&quot;}\" data-widget_type=\"html.default\">\n\t\t\t\t<div class=\"elementor-widget-container\">\n\t\t\t\t\t<div class=\"pipedriveWebForms\" data-pd-webforms=\"https:\/\/webforms.pipedrive.com\/f\/6GZGqReUMit46PaUj6klTAuLKmQ5O3qzBtNFShxwcidWLf4f45xA7cVT2nQ8W9V4EH\"><script src=\"https:\/\/webforms.pipedrive.com\/f\/loader\"><\/script><\/div>\t\t\t\t<\/div>\n\t\t\t\t<\/div>\n\t\t\t\t<\/div>\n\t\t<div class=\"elementor-element elementor-element-3b508aa e-con-full e-flex e-con e-child\" data-id=\"3b508aa\" data-element_type=\"container\" data-e-type=\"container\" data-settings=\"{&quot;background_background&quot;:&quot;classic&quot;}\">\n\t\t<div class=\"elementor-element elementor-element-807460a e-con-full e-flex e-con e-child\" data-id=\"807460a\" data-element_type=\"container\" data-e-type=\"container\">\n\t\t<div class=\"elementor-element elementor-element-7dfa378 e-con-full e-flex e-con e-child\" data-id=\"7dfa378\" data-element_type=\"container\" data-e-type=\"container\">\n\t\t\t\t<div class=\"elementor-element elementor-element-b9b2108 elementor-align-left elementor-mobile-align-left elementor-widget elementor-widget-button\" data-id=\"b9b2108\" data-element_type=\"widget\" data-e-type=\"widget\" data-settings=\"{&quot;ekit_we_effect_on&quot;:&quot;none&quot;}\" data-widget_type=\"button.default\">\n\t\t\t\t<div class=\"elementor-widget-container\">\n\t\t\t\t\t\t\t\t\t<div class=\"elementor-button-wrapper\">\n\t\t\t\t\t<a class=\"elementor-button elementor-button-link elementor-size-sm\" href=\"https:\/\/livellogmbh3.pipedrive.com\/scheduler\/EO4GjPHD\/livello-beratungsgesprach\">\n\t\t\t\t\t\t<span class=\"elementor-button-content-wrapper\">\n\t\t\t\t\t\t\t\t\t<span class=\"elementor-button-text\">Book an Appointment<\/span>\n\t\t\t\t\t<\/span>\n\t\t\t\t\t<\/a>\n\t\t\t\t<\/div>\n\t\t\t\t\t\t\t\t<\/div>\n\t\t\t\t<\/div>\n\t\t\t\t<\/div>\n\t\t<div class=\"elementor-element elementor-element-195cfdb e-con-full e-flex e-con e-child\" data-id=\"195cfdb\" data-element_type=\"container\" data-e-type=\"container\">\n\t\t\t\t<div class=\"elementor-element elementor-element-5297f3e elementor-align-left elementor-mobile-align-left elementor-widget elementor-widget-button\" data-id=\"5297f3e\" data-element_type=\"widget\" data-e-type=\"widget\" data-settings=\"{&quot;ekit_we_effect_on&quot;:&quot;none&quot;}\" data-widget_type=\"button.default\">\n\t\t\t\t<div class=\"elementor-widget-container\">\n\t\t\t\t\t\t\t\t\t<div class=\"elementor-button-wrapper\">\n\t\t\t\t\t<a class=\"elementor-button elementor-button-link elementor-size-sm\" href=\"tel:021163556323\">\n\t\t\t\t\t\t<span class=\"elementor-button-content-wrapper\">\n\t\t\t\t\t\t\t\t\t<span class=\"elementor-button-text\">Uns direkt anrufen<\/span>\n\t\t\t\t\t<\/span>\n\t\t\t\t\t<\/a>\n\t\t\t\t<\/div>\n\t\t\t\t\t\t\t\t<\/div>\n\t\t\t\t<\/div>\n\t\t\t\t<\/div>\n\t\t\t\t<\/div>\n\t\t<div class=\"elementor-element elementor-element-560d083 e-con-full e-flex e-con e-child\" data-id=\"560d083\" data-element_type=\"container\" data-e-type=\"container\">\n\t\t\t\t<div class=\"elementor-element elementor-element-2d2f145 elementor-widget__width-auto animated-fast elementor-invisible elementor-widget elementor-widget-image\" data-id=\"2d2f145\" data-element_type=\"widget\" data-e-type=\"widget\" data-settings=\"{&quot;_animation&quot;:&quot;zoomIn&quot;,&quot;_animation_delay&quot;:200,&quot;ekit_we_effect_on&quot;:&quot;none&quot;}\" data-widget_type=\"image.default\">\n\t\t\t\t<div class=\"elementor-widget-container\">\n\t\t\t\t\t\t\t\t\t\t\t\t\t\t\t<img decoding=\"async\" width=\"1200\" height=\"1200\" src=\"https:\/\/livello.com\/wp-content\/uploads\/2025\/08\/Livellos-Team-Member-.png\" class=\"attachment-full size-full wp-image-22196\" alt=\"\" srcset=\"https:\/\/livello.com\/wp-content\/uploads\/2025\/08\/Livellos-Team-Member-.png 1200w, https:\/\/livello.com\/wp-content\/uploads\/2025\/08\/Livellos-Team-Member--300x300.png 300w, https:\/\/livello.com\/wp-content\/uploads\/2025\/08\/Livellos-Team-Member--1024x1024.png 1024w, https:\/\/livello.com\/wp-content\/uploads\/2025\/08\/Livellos-Team-Member--150x150.png 150w, https:\/\/livello.com\/wp-content\/uploads\/2025\/08\/Livellos-Team-Member--768x768.png 768w, https:\/\/livello.com\/wp-content\/uploads\/2025\/08\/Livellos-Team-Member--710x710.png 710w, https:\/\/livello.com\/wp-content\/uploads\/2025\/08\/Livellos-Team-Member--600x600.png 600w, https:\/\/livello.com\/wp-content\/uploads\/2025\/08\/Livellos-Team-Member--100x100.png 100w\" sizes=\"(max-width: 1200px) 100vw, 1200px\" \/>\t\t\t\t\t\t\t\t\t\t\t\t\t\t\t<\/div>\n\t\t\t\t<\/div>\n\t\t\t\t<div class=\"elementor-element elementor-element-b098719 elementor-widget__width-auto animated-fast elementor-invisible elementor-widget elementor-widget-image\" data-id=\"b098719\" data-element_type=\"widget\" data-e-type=\"widget\" data-settings=\"{&quot;_animation&quot;:&quot;zoomIn&quot;,&quot;_animation_delay&quot;:300,&quot;ekit_we_effect_on&quot;:&quot;none&quot;}\" data-widget_type=\"image.default\">\n\t\t\t\t<div class=\"elementor-widget-container\">\n\t\t\t\t\t\t\t\t\t\t\t\t\t\t\t<img decoding=\"async\" width=\"1200\" height=\"1200\" src=\"https:\/\/livello.com\/wp-content\/uploads\/2025\/08\/Livellos-Team-Member-1.png\" class=\"attachment-full size-full wp-image-22198\" alt=\"\" srcset=\"https:\/\/livello.com\/wp-content\/uploads\/2025\/08\/Livellos-Team-Member-1.png 1200w, https:\/\/livello.com\/wp-content\/uploads\/2025\/08\/Livellos-Team-Member-1-300x300.png 300w, https:\/\/livello.com\/wp-content\/uploads\/2025\/08\/Livellos-Team-Member-1-1024x1024.png 1024w, https:\/\/livello.com\/wp-content\/uploads\/2025\/08\/Livellos-Team-Member-1-150x150.png 150w, https:\/\/livello.com\/wp-content\/uploads\/2025\/08\/Livellos-Team-Member-1-768x768.png 768w, https:\/\/livello.com\/wp-content\/uploads\/2025\/08\/Livellos-Team-Member-1-710x710.png 710w, https:\/\/livello.com\/wp-content\/uploads\/2025\/08\/Livellos-Team-Member-1-600x600.png 600w, https:\/\/livello.com\/wp-content\/uploads\/2025\/08\/Livellos-Team-Member-1-100x100.png 100w\" sizes=\"(max-width: 1200px) 100vw, 1200px\" \/>\t\t\t\t\t\t\t\t\t\t\t\t\t\t\t<\/div>\n\t\t\t\t<\/div>\n\t\t\t\t<div class=\"elementor-element elementor-element-b018945 elementor-widget__width-auto animated-fast elementor-invisible elementor-widget elementor-widget-image\" data-id=\"b018945\" data-element_type=\"widget\" data-e-type=\"widget\" data-settings=\"{&quot;_animation&quot;:&quot;zoomIn&quot;,&quot;_animation_delay&quot;:400,&quot;ekit_we_effect_on&quot;:&quot;none&quot;}\" data-widget_type=\"image.default\">\n\t\t\t\t<div class=\"elementor-widget-container\">\n\t\t\t\t\t\t\t\t\t\t\t\t\t\t\t<img decoding=\"async\" src=\"https:\/\/livello.com\/wp-content\/uploads\/elementor\/thumbs\/Design-ohne-Titel-6-rck17vkm4mg51w3eaeyxavoaprm0cgtwuiicsko4k0.png\" title=\"Design ohne Titel (6)\" alt=\"Design ohne Titel (6)\" loading=\"lazy\" \/>\t\t\t\t\t\t\t\t\t\t\t\t\t\t\t<\/div>\n\t\t\t\t<\/div>\n\t\t\t\t<div class=\"elementor-element elementor-element-1862303 elementor-widget__width-initial elementor-widget-tablet__width-initial animated-fast elementor-widget-mobile__width-initial elementor-invisible elementor-widget elementor-widget-text-editor\" data-id=\"1862303\" data-element_type=\"widget\" data-e-type=\"widget\" data-settings=\"{&quot;_animation&quot;:&quot;fadeIn&quot;,&quot;_animation_delay&quot;:400,&quot;ekit_we_effect_on&quot;:&quot;none&quot;}\" data-widget_type=\"text-editor.default\">\n\t\t\t\t<div class=\"elementor-widget-container\">\n\t\t\t\t\t\t\t\t\t<p>Unser Team ber\u00e4t Sie gerne f\u00fcr Ihr Betriebsrestaurant.<\/p>\t\t\t\t\t\t\t\t<\/div>\n\t\t\t\t<\/div>\n\t\t\t\t<\/div>\n\t\t\t\t<\/div>\n\t\t\t\t<\/div>\n\t\t\t\t\t<\/div>\n\t\t\t\t<\/div>\n\t\t\t\t<\/div>","protected":false},"excerpt":{"rendered":"<p>Erhalten Sie unsere Produktbrosch\u00fcre Alle Produktinformationen rund um unseren SmartKiosk \u2013 speziell f\u00fcr Contract Caterer. Erfahren Sie, wie Sie unsere Ger\u00e4te optimal in Ihren Betriebsrestaurants und Catering-Standorten einsetzen, um G\u00e4sten und Mitarbeitenden ein modernes, flexibles und komfortables Einkaufserlebnis zu bieten. Termin buchen Uns direkt anrufen Unser Team ber\u00e4t Sie gerne f\u00fcr Ihr Betriebsrestaurant.<\/p>","protected":false},"author":1,"featured_media":0,"parent":26644,"menu_order":0,"comment_status":"closed","ping_status":"closed","template":"","meta":{"footnotes":""},"class_list":["post-27143","page","type-page","status-publish","hentry"],"yoast_head":"<!-- This site is optimized with the Yoast SEO Premium plugin v26.9 (Yoast SEO v27.1.1) - https:\/\/yoast.com\/product\/yoast-seo-premium-wordpress\/ -->\n<title>Catering - Livello<\/title>\n<meta name=\"robots\" content=\"index, follow, max-snippet:-1, max-image-preview:large, max-video-preview:-1\" \/>\n<link rel=\"canonical\" href=\"https:\/\/livello.com\/en\/ad\/unternehmen\/catering\/\" \/>\n<meta property=\"og:locale\" content=\"en_US\" \/>\n<meta property=\"og:type\" content=\"article\" \/>\n<meta property=\"og:title\" content=\"Catering\" \/>\n<meta property=\"og:description\" content=\"Erhalten Sie unsere Produktbrosch\u00fcre Alle Produktinformationen rund um unseren SmartKiosk \u2013 speziell f\u00fcr Contract Caterer. Erfahren Sie, wie Sie unsere Ger\u00e4te optimal in Ihren Betriebsrestaurants und Catering-Standorten einsetzen, um G\u00e4sten und Mitarbeitenden ein modernes, flexibles und komfortables Einkaufserlebnis zu bieten. Termin buchen Uns direkt anrufen Unser Team ber\u00e4t Sie gerne f\u00fcr Ihr Betriebsrestaurant.\" \/>\n<meta property=\"og:url\" content=\"https:\/\/livello.com\/en\/ad\/unternehmen\/catering\/\" \/>\n<meta property=\"og:site_name\" content=\"Livello\" \/>\n<meta property=\"article:modified_time\" content=\"2025-11-27T12:35:56+00:00\" \/>\n<meta property=\"og:image\" content=\"https:\/\/livello.com\/wp-content\/uploads\/2023\/09\/all-white-Logo-3-scaled.png\" \/>\n\t<meta property=\"og:image:width\" content=\"2560\" \/>\n\t<meta property=\"og:image:height\" content=\"1151\" \/>\n\t<meta property=\"og:image:type\" content=\"image\/png\" \/>\n<meta name=\"twitter:card\" content=\"summary_large_image\" \/>\n<meta name=\"twitter:site\" content=\"@livellogmbh\" \/>\n<meta name=\"twitter:label1\" content=\"Est. reading time\" \/>\n\t<meta name=\"twitter:data1\" content=\"2 minutes\" \/>\n<script type=\"application\/ld+json\" class=\"yoast-schema-graph\">{\"@context\":\"https:\/\/schema.org\",\"@graph\":[{\"@type\":\"WebPage\",\"@id\":\"https:\/\/livello.com\/en\/ad\/unternehmen\/catering\/\",\"url\":\"https:\/\/livello.com\/en\/ad\/unternehmen\/catering\/\",\"name\":\"Catering - Livello\",\"isPartOf\":{\"@id\":\"https:\/\/livello.com\/en\/#website\"},\"primaryImageOfPage\":{\"@id\":\"https:\/\/livello.com\/en\/ad\/unternehmen\/catering\/#primaryimage\"},\"image\":{\"@id\":\"https:\/\/livello.com\/en\/ad\/unternehmen\/catering\/#primaryimage\"},\"thumbnailUrl\":\"https:\/\/livello.com\/wp-content\/uploads\/2023\/09\/all-white-Logo-3-1024x460.png\",\"datePublished\":\"2025-11-27T12:32:10+00:00\",\"dateModified\":\"2025-11-27T12:35:56+00:00\",\"breadcrumb\":{\"@id\":\"https:\/\/livello.com\/en\/ad\/unternehmen\/catering\/#breadcrumb\"},\"inLanguage\":\"en-US\",\"potentialAction\":[{\"@type\":\"ReadAction\",\"target\":[\"https:\/\/livello.com\/en\/ad\/unternehmen\/catering\/\"]}]},{\"@type\":\"ImageObject\",\"inLanguage\":\"en-US\",\"@id\":\"https:\/\/livello.com\/en\/ad\/unternehmen\/catering\/#primaryimage\",\"url\":\"https:\/\/livello.com\/wp-content\/uploads\/2023\/09\/all-white-Logo-3-1024x460.png\",\"contentUrl\":\"https:\/\/livello.com\/wp-content\/uploads\/2023\/09\/all-white-Logo-3-1024x460.png\"},{\"@type\":\"BreadcrumbList\",\"@id\":\"https:\/\/livello.com\/en\/ad\/unternehmen\/catering\/#breadcrumb\",\"itemListElement\":[{\"@type\":\"ListItem\",\"position\":1,\"name\":\"Startseite\",\"item\":\"https:\/\/livello.com\/\"},{\"@type\":\"ListItem\",\"position\":2,\"name\":\"AD\",\"item\":\"https:\/\/livello.com\/ad\/\"},{\"@type\":\"ListItem\",\"position\":3,\"name\":\"Ad Unternehmen\",\"item\":\"https:\/\/livello.com\/ad\/unternehmen\/\"},{\"@type\":\"ListItem\",\"position\":4,\"name\":\"Catering\"}]},{\"@type\":\"WebSite\",\"@id\":\"https:\/\/livello.com\/en\/#website\",\"url\":\"https:\/\/livello.com\/en\/\",\"name\":\"Livello\",\"description\":\"Livello Smart Fridge\",\"publisher\":{\"@id\":\"https:\/\/livello.com\/en\/#organization\"},\"potentialAction\":[{\"@type\":\"SearchAction\",\"target\":{\"@type\":\"EntryPoint\",\"urlTemplate\":\"https:\/\/livello.com\/en\/?s={search_term_string}\"},\"query-input\":{\"@type\":\"PropertyValueSpecification\",\"valueRequired\":true,\"valueName\":\"search_term_string\"}}],\"inLanguage\":\"en-US\"},{\"@type\":\"Organization\",\"@id\":\"https:\/\/livello.com\/en\/#organization\",\"name\":\"Livello GmbH\",\"url\":\"https:\/\/livello.com\/en\/\",\"logo\":{\"@type\":\"ImageObject\",\"inLanguage\":\"en-US\",\"@id\":\"https:\/\/livello.com\/en\/#\/schema\/logo\/image\/\",\"url\":\"https:\/\/livello.com\/wp-content\/uploads\/2023\/09\/Black-Logo-5-scaled.png\",\"contentUrl\":\"https:\/\/livello.com\/wp-content\/uploads\/2023\/09\/Black-Logo-5-scaled.png\",\"width\":2560,\"height\":1151,\"caption\":\"Livello GmbH\"},\"image\":{\"@id\":\"https:\/\/livello.com\/en\/#\/schema\/logo\/image\/\"},\"sameAs\":[\"https:\/\/x.com\/livellogmbh\",\"https:\/\/www.linkedin.com\/company\/livello-technologies\/\",\"https:\/\/www.tiktok.com\/@livello_gmbh\",\"https:\/\/www.instagram.com\/livello.tech\/\"]}]}<\/script>\n<!-- \/ Yoast SEO Premium plugin. -->","yoast_head_json":{"title":"Catering - Livello","robots":{"index":"index","follow":"follow","max-snippet":"max-snippet:-1","max-image-preview":"max-image-preview:large","max-video-preview":"max-video-preview:-1"},"canonical":"https:\/\/livello.com\/en\/ad\/unternehmen\/catering\/","og_locale":"en_US","og_type":"article","og_title":"Catering","og_description":"Erhalten Sie unsere Produktbrosch\u00fcre Alle Produktinformationen rund um unseren SmartKiosk \u2013 speziell f\u00fcr Contract Caterer. Erfahren Sie, wie Sie unsere Ger\u00e4te optimal in Ihren Betriebsrestaurants und Catering-Standorten einsetzen, um G\u00e4sten und Mitarbeitenden ein modernes, flexibles und komfortables Einkaufserlebnis zu bieten. Termin buchen Uns direkt anrufen Unser Team ber\u00e4t Sie gerne f\u00fcr Ihr Betriebsrestaurant.","og_url":"https:\/\/livello.com\/en\/ad\/unternehmen\/catering\/","og_site_name":"Livello","article_modified_time":"2025-11-27T12:35:56+00:00","og_image":[{"width":2560,"height":1151,"url":"https:\/\/livello.com\/wp-content\/uploads\/2023\/09\/all-white-Logo-3-scaled.png","type":"image\/png"}],"twitter_card":"summary_large_image","twitter_site":"@livellogmbh","twitter_misc":{"Est. reading time":"2 minutes"},"schema":{"@context":"https:\/\/schema.org","@graph":[{"@type":"WebPage","@id":"https:\/\/livello.com\/en\/ad\/unternehmen\/catering\/","url":"https:\/\/livello.com\/en\/ad\/unternehmen\/catering\/","name":"Catering - Livello","isPartOf":{"@id":"https:\/\/livello.com\/en\/#website"},"primaryImageOfPage":{"@id":"https:\/\/livello.com\/en\/ad\/unternehmen\/catering\/#primaryimage"},"image":{"@id":"https:\/\/livello.com\/en\/ad\/unternehmen\/catering\/#primaryimage"},"thumbnailUrl":"https:\/\/livello.com\/wp-content\/uploads\/2023\/09\/all-white-Logo-3-1024x460.png","datePublished":"2025-11-27T12:32:10+00:00","dateModified":"2025-11-27T12:35:56+00:00","breadcrumb":{"@id":"https:\/\/livello.com\/en\/ad\/unternehmen\/catering\/#breadcrumb"},"inLanguage":"en-US","potentialAction":[{"@type":"ReadAction","target":["https:\/\/livello.com\/en\/ad\/unternehmen\/catering\/"]}]},{"@type":"ImageObject","inLanguage":"en-US","@id":"https:\/\/livello.com\/en\/ad\/unternehmen\/catering\/#primaryimage","url":"https:\/\/livello.com\/wp-content\/uploads\/2023\/09\/all-white-Logo-3-1024x460.png","contentUrl":"https:\/\/livello.com\/wp-content\/uploads\/2023\/09\/all-white-Logo-3-1024x460.png"},{"@type":"BreadcrumbList","@id":"https:\/\/livello.com\/en\/ad\/unternehmen\/catering\/#breadcrumb","itemListElement":[{"@type":"ListItem","position":1,"name":"Startseite","item":"https:\/\/livello.com\/"},{"@type":"ListItem","position":2,"name":"AD","item":"https:\/\/livello.com\/ad\/"},{"@type":"ListItem","position":3,"name":"Ad Unternehmen","item":"https:\/\/livello.com\/ad\/unternehmen\/"},{"@type":"ListItem","position":4,"name":"Catering"}]},{"@type":"WebSite","@id":"https:\/\/livello.com\/en\/#website","url":"https:\/\/livello.com\/en\/","name":"Livello","description":"Livello Smart Fridge","publisher":{"@id":"https:\/\/livello.com\/en\/#organization"},"potentialAction":[{"@type":"SearchAction","target":{"@type":"EntryPoint","urlTemplate":"https:\/\/livello.com\/en\/?s={search_term_string}"},"query-input":{"@type":"PropertyValueSpecification","valueRequired":true,"valueName":"search_term_string"}}],"inLanguage":"en-US"},{"@type":"Organization","@id":"https:\/\/livello.com\/en\/#organization","name":"Livello GmbH","url":"https:\/\/livello.com\/en\/","logo":{"@type":"ImageObject","inLanguage":"en-US","@id":"https:\/\/livello.com\/en\/#\/schema\/logo\/image\/","url":"https:\/\/livello.com\/wp-content\/uploads\/2023\/09\/Black-Logo-5-scaled.png","contentUrl":"https:\/\/livello.com\/wp-content\/uploads\/2023\/09\/Black-Logo-5-scaled.png","width":2560,"height":1151,"caption":"Livello GmbH"},"image":{"@id":"https:\/\/livello.com\/en\/#\/schema\/logo\/image\/"},"sameAs":["https:\/\/x.com\/livellogmbh","https:\/\/www.linkedin.com\/company\/livello-technologies\/","https:\/\/www.tiktok.com\/@livello_gmbh","https:\/\/www.instagram.com\/livello.tech\/"]}]}},"jetpack_sharing_enabled":true,"_links":{"self":[{"href":"https:\/\/livello.com\/en\/wp-json\/wp\/v2\/pages\/27143","targetHints":{"allow":["GET"]}}],"collection":[{"href":"https:\/\/livello.com\/en\/wp-json\/wp\/v2\/pages"}],"about":[{"href":"https:\/\/livello.com\/en\/wp-json\/wp\/v2\/types\/page"}],"author":[{"embeddable":true,"href":"https:\/\/livello.com\/en\/wp-json\/wp\/v2\/users\/1"}],"replies":[{"embeddable":true,"href":"https:\/\/livello.com\/en\/wp-json\/wp\/v2\/comments?post=27143"}],"version-history":[{"count":10,"href":"https:\/\/livello.com\/en\/wp-json\/wp\/v2\/pages\/27143\/revisions"}],"predecessor-version":[{"id":27153,"href":"https:\/\/livello.com\/en\/wp-json\/wp\/v2\/pages\/27143\/revisions\/27153"}],"up":[{"embeddable":true,"href":"https:\/\/livello.com\/en\/wp-json\/wp\/v2\/pages\/26644"}],"wp:attachment":[{"href":"https:\/\/livello.com\/en\/wp-json\/wp\/v2\/media?parent=27143"}],"curies":[{"name":"wp","href":"https:\/\/api.w.org\/{rel}","templated":true}]}}